{"id":2422,"date":"2021-02-04T20:37:43","date_gmt":"2021-02-04T19:37:43","guid":{"rendered":"http:\/\/aclustin.34.77.92.31.xip.io\/?page_id=2422"},"modified":"2024-10-17T10:36:21","modified_gmt":"2024-10-17T09:36:21","slug":"documents","status":"publish","type":"page","link":"https:\/\/aclustin.be\/index.php\/documents\/","title":{"rendered":"Blessure"},"content":{"rendered":"\t\t<div data-elementor-type=\"wp-page\" data-elementor-id=\"2422\" class=\"elementor elementor-2422\">\n\t\t\t\t\t\t\t\t\t<section class=\"elementor-section elementor-top-section elementor-element elementor-element-e1687b2 elementor-section-boxed elementor-section-height-default elementor-section-height-default\" data-id=\"e1687b2\" data-element_type=\"section\">\n\t\t\t\t\t\t<div class=\"elementor-container elementor-column-gap-default\">\n\t\t\t\t\t<div class=\"elementor-column elementor-col-100 elementor-top-column elementor-element elementor-element-758ae2b\" data-id=\"758ae2b\" data-element_type=\"column\">\n\t\t\t<div class=\"elementor-widget-wrap elementor-element-populated\">\n\t\t\t\t\t\t\t\t<div class=\"elementor-element elementor-element-08052d3 elementor-widget elementor-widget-image\" data-id=\"08052d3\" data-element_type=\"widget\" data-widget_type=\"image.default\">\n\t\t\t\t<div class=\"elementor-widget-container\">\n\t\t\t\t\t\t\t\t\t\t\t\t\t\t\t\t<a href=\"https:\/\/belgianfootball.s3.eu-central-1.amazonaws.com\/s3fs-public\/rbfa\/docs\/pdf\/insurance\/insurance_medical_attest_template_fr.pdf\" target=\"_blank\">\n\t\t\t\t\t\t\t<img decoding=\"async\" src=\"https:\/\/aclustin.be\/wp-content\/uploads\/2021\/03\/accident2.jpg\" title=\"\" alt=\"\" loading=\"lazy\" \/>\t\t\t\t\t\t\t\t<\/a>\n\t\t\t\t\t\t\t\t\t\t\t\t\t\t\t<\/div>\n\t\t\t\t<\/div>\n\t\t\t\t\t<\/div>\n\t\t<\/div>\n\t\t\t\t\t\t\t<\/div>\n\t\t<\/section>\n\t\t\t\t<section class=\"elementor-section elementor-top-section elementor-element elementor-element-71fe69c elementor-section-boxed elementor-section-height-default elementor-section-height-default\" data-id=\"71fe69c\" data-element_type=\"section\">\n\t\t\t\t\t\t<div class=\"elementor-container elementor-column-gap-default\">\n\t\t\t\t\t<div class=\"elementor-column elementor-col-100 elementor-top-column elementor-element elementor-element-146b6e6\" data-id=\"146b6e6\" data-element_type=\"column\">\n\t\t\t<div class=\"elementor-widget-wrap elementor-element-populated\">\n\t\t\t\t\t\t\t\t<div class=\"elementor-element elementor-element-e5c93ad elementor-widget elementor-widget-image\" data-id=\"e5c93ad\" data-element_type=\"widget\" data-widget_type=\"image.default\">\n\t\t\t\t<div class=\"elementor-widget-container\">\n\t\t\t\t\t\t\t\t\t\t\t\t\t\t\t<img loading=\"lazy\" decoding=\"async\" width=\"312\" height=\"201\" src=\"https:\/\/aclustin.be\/wp-content\/uploads\/2024\/10\/image_2024-10-17_113542021.png\" class=\"attachment-2048x2048 size-2048x2048 wp-image-6581\" alt=\"\" srcset=\"https:\/\/aclustin.be\/wp-content\/uploads\/2024\/10\/image_2024-10-17_113542021.png 312w, https:\/\/aclustin.be\/wp-content\/uploads\/2024\/10\/image_2024-10-17_113542021-300x193.png 300w\" sizes=\"(max-width: 312px) 100vw, 312px\" \/>\t\t\t\t\t\t\t\t\t\t\t\t\t\t\t<\/div>\n\t\t\t\t<\/div>\n\t\t\t\t<div class=\"elementor-element elementor-element-75324a2 elementor-widget elementor-widget-text-editor\" data-id=\"75324a2\" data-element_type=\"widget\" data-widget_type=\"text-editor.default\">\n\t\t\t\t<div class=\"elementor-widget-container\">\n\t\t\t\t\t\t\t<p><span style=\"color: #008000;\"><strong>1.D\u00e9claration Accident<\/strong><\/span><\/p><ol><li><u>En cas de passage dans un service d&#8217;urgence:<\/u><\/li><\/ol><ol data-editing-info=\"{&quot;applyListStyleFromLevel&quot;:false,&quot;orderedStyleType&quot;:1}\"><li>Le jour de l&#8217;accident, se rendre aux urgences et leur demander un document pour l&#8217;assurance du football (ils ne remplissent plus les documents de la f\u00e9d\u00e9ration).<\/li><li>Remplir ensuite la partie d\u00e9volue aux parents, au joueur du document pr\u00e9sent sur le site du club. Y indiquer le nom, le pr\u00e9nom, le jour et l&#8217;heure de l&#8217;accident et une br\u00e8ve description de celui-ci. Coller une vignette mutuelle \u00e0 l&#8217;endroit pr\u00e9vu et signer le document. Le CQ s&#8217;occupera des autres \u00e9l\u00e9ments \u00e0 remplir.<\/li><li>Transmettre au CQ soit par mail (challejm@hotmail.com) <strong>un scanner<\/strong>\u00a0(format PDF)<strong>\u00a0pas une photo<\/strong>\u00a0des<strong>\u00a02<\/strong>\u00a0documents ou les d\u00e9poser dans une enveloppe au n\u00b022 rue Saint L\u00e9ger \u00e0 5170 Lustin.<\/li><\/ol><p>\u00a0<\/p><ol><li>\u00a0 \u00a0B) <u>En cas de visite chez le m\u00e9decin traitant:<\/u><\/li><\/ol><ol data-editing-info=\"{&quot;applyListStyleFromLevel&quot;:false,&quot;orderedStyleType&quot;:1}\"><li>Faire remplir la partie &#8220;m\u00e9decin&#8221; du document se trouvant sur le site internet du club.<\/li><li>Remplir la partie parent ou joueur du m\u00eame document (Y indiquer le nom, le pr\u00e9nom, le jour et l&#8217;heure de l&#8217;accident et une br\u00e8ve description de celui-ci). Coller une vignette mutuelle \u00e0 l&#8217;endroit pr\u00e9vu et signer le document. Le CQ s&#8217;occupera des autres \u00e9l\u00e9ments \u00e0 remplir.<\/li><li>Transmettre au CQ soit par mail (challejm@hotmail.com) <strong>un scanner<\/strong>\u00a0(format PDF)<strong>\u00a0<\/strong><strong>pas une photo<\/strong>\u00a0des<strong>\u00a02<\/strong>\u00a0documents ou les d\u00e9poser dans une enveloppe au n\u00b022 rue Saint L\u00e9ger \u00e0 5170 Lustin.<\/li><\/ol><p><strong>ATTENTION:<\/strong>\u00a0il faut transmettre au plus vite ces documents au CQ. NB: Il ne faut pas entamer de traitement de Kin\u00e9sith\u00e9rapie avant d&#8217;avoir eu l&#8217;accord de l&#8217;assurance.<\/p><p>\u00a0<\/p><p>Une fois que le dossier est accept\u00e9 par l&#8217;assurance, le C.Q. re\u00e7oit et transmet aux parents l&#8217;accus\u00e9 de r\u00e9ception de la d\u00e9claration d&#8217;accident. Cet accus\u00e9 est \u00e0 lire <strong>ATTENTIVEMENT<\/strong>\u00a0car il y est expliqu\u00e9 quels documents devront \u00eatre transmis \u00e0 l&#8217;assurance pour avoir un remboursement. <strong>Les originaux<\/strong>\u00a0(pas des scans ou des photos) de <strong>ces documents doivent repasser par le C.Q.<\/strong>\u00a0qui les enverra \u00e0 l&#8217;assurance. Dans l&#8217;accus\u00e9 de r\u00e9ception, il y a aussi le <strong>certificat de gu\u00e9rison<\/strong>\u00a0\u00e0 faire remplir par le m\u00e9decin quand le joueur est apte \u00e0 reprendre. Si le joueur vient \u00e0 rejouer sans avoir transmis le certificat de gu\u00e9rison et qu&#8217;il se reblesse au m\u00eame endroit, l&#8217;assurance n&#8217;acceptera plus d&#8217;intervenir.<\/p><p>\u00a0<\/p><p>\u00a0<\/p>\t\t\t\t\t\t<\/div>\n\t\t\t\t<\/div>\n\t\t\t\t\t<\/div>\n\t\t<\/div>\n\t\t\t\t\t\t\t<\/div>\n\t\t<\/section>\n\t\t\t\t<section class=\"elementor-section elementor-top-section elementor-element elementor-element-e6cfc74 elementor-section-boxed elementor-section-height-default elementor-section-height-default\" data-id=\"e6cfc74\" data-element_type=\"section\">\n\t\t\t\t\t\t<div class=\"elementor-container elementor-column-gap-default\">\n\t\t\t\t\t<div class=\"elementor-column elementor-col-100 elementor-top-column elementor-element elementor-element-a33f135\" data-id=\"a33f135\" data-element_type=\"column\">\n\t\t\t<div class=\"elementor-widget-wrap elementor-element-populated\">\n\t\t\t\t\t\t\t\t<div class=\"elementor-element elementor-element-c29f790 elementor-widget elementor-widget-image\" data-id=\"c29f790\" data-element_type=\"widget\" data-widget_type=\"image.default\">\n\t\t\t\t<div class=\"elementor-widget-container\">\n\t\t\t\t\t\t\t\t\t\t\t\t\t\t\t\t<a href=\"https:\/\/rfcmeux.be\/wp-content\/uploads\/2019\/03\/ATTESTATION-MEDICALE-2018.pdf\" target=\"_blank\">\n\t\t\t\t\t\t\t<img decoding=\"async\" src=\"http:\/\/34.67.62.181\/wp-content\/uploads\/2021\/02\/document-a-telecharger.jpg\" title=\"\" alt=\"\" loading=\"lazy\" \/>\t\t\t\t\t\t\t\t<\/a>\n\t\t\t\t\t\t\t\t\t\t\t\t\t\t\t<\/div>\n\t\t\t\t<\/div>\n\t\t\t\t\t<\/div>\n\t\t<\/div>\n\t\t\t\t\t\t\t<\/div>\n\t\t<\/section>\n\t\t\t\t\t\t\t<\/div>\n\t\t","protected":false},"excerpt":{"rendered":"<p>1.D\u00e9claration Accident En cas de passage dans un service d&#8217;urgence: Le jour de l&#8217;accident, se rendre aux urgences et leur demander un document pour l&#8217;assurance du football (ils ne remplissent plus les documents de la f\u00e9d\u00e9ration). Remplir ensuite la partie d\u00e9volue aux parents, au joueur du document pr\u00e9sent sur le site du club. Y indiquer le nom, le pr\u00e9nom, le jour et l&#8217;heure de l&#8217;accident et une br\u00e8ve description de celui-ci. Coller une vignette mutuelle \u00e0 l&#8217;endroit pr\u00e9vu et signer le document. Le CQ s&#8217;occupera des autres \u00e9l\u00e9ments \u00e0 remplir. Transmettre au CQ soit par mail (challejm@hotmail.com) un scanner\u00a0(format PDF)\u00a0pas&#8230; <\/p>\n","protected":false},"author":1,"featured_media":0,"parent":0,"menu_order":0,"comment_status":"closed","ping_status":"closed","template":"","meta":{"footnotes":""},"yoast_head":"<!-- This site is optimized with the Yoast SEO plugin v20.12 - https:\/\/yoast.com\/wordpress\/plugins\/seo\/ -->\n<title>Blessure -<\/title>\n<meta name=\"robots\" content=\"index, follow, max-snippet:-1, max-image-preview:large, max-video-preview:-1\" \/>\n<link rel=\"canonical\" href=\"https:\/\/aclustin.be\/index.php\/documents\/\" \/>\n<meta property=\"og:locale\" content=\"en_US\" \/>\n<meta property=\"og:type\" content=\"article\" \/>\n<meta property=\"og:title\" content=\"Blessure -\" \/>\n<meta property=\"og:description\" content=\"1.D\u00e9claration Accident En cas de passage dans un service d&#8217;urgence: Le jour de l&#8217;accident, se rendre aux urgences et leur demander un document pour l&#8217;assurance du football (ils ne remplissent plus les documents de la f\u00e9d\u00e9ration). Remplir ensuite la partie d\u00e9volue aux parents, au joueur du document pr\u00e9sent sur le site du club. Y indiquer le nom, le pr\u00e9nom, le jour et l&#8217;heure de l&#8217;accident et une br\u00e8ve description de celui-ci. Coller une vignette mutuelle \u00e0 l&#8217;endroit pr\u00e9vu et signer le document. Le CQ s&#8217;occupera des autres \u00e9l\u00e9ments \u00e0 remplir. Transmettre au CQ soit par mail (challejm@hotmail.com) un scanner\u00a0(format PDF)\u00a0pas...\" \/>\n<meta property=\"og:url\" content=\"https:\/\/aclustin.be\/index.php\/documents\/\" \/>\n<meta property=\"article:publisher\" content=\"https:\/\/www.facebook.com\/groups\/392533567482660\" \/>\n<meta property=\"article:modified_time\" content=\"2024-10-17T09:36:21+00:00\" \/>\n<meta property=\"og:image\" content=\"https:\/\/aclustin.be\/wp-content\/uploads\/2021\/03\/accident2.jpg\" \/>\n<meta name=\"twitter:card\" content=\"summary_large_image\" \/>\n<meta name=\"twitter:label1\" content=\"Est. reading time\" \/>\n\t<meta name=\"twitter:data1\" content=\"3 minutes\" \/>\n<script type=\"application\/ld+json\" class=\"yoast-schema-graph\">{\"@context\":\"https:\/\/schema.org\",\"@graph\":[{\"@type\":\"WebPage\",\"@id\":\"https:\/\/aclustin.be\/index.php\/documents\/\",\"url\":\"https:\/\/aclustin.be\/index.php\/documents\/\",\"name\":\"Blessure -\",\"isPartOf\":{\"@id\":\"https:\/\/aclustin.be\/#website\"},\"datePublished\":\"2021-02-04T19:37:43+00:00\",\"dateModified\":\"2024-10-17T09:36:21+00:00\",\"breadcrumb\":{\"@id\":\"https:\/\/aclustin.be\/index.php\/documents\/#breadcrumb\"},\"inLanguage\":\"en-US\",\"potentialAction\":[{\"@type\":\"ReadAction\",\"target\":[\"https:\/\/aclustin.be\/index.php\/documents\/\"]}]},{\"@type\":\"BreadcrumbList\",\"@id\":\"https:\/\/aclustin.be\/index.php\/documents\/#breadcrumb\",\"itemListElement\":[{\"@type\":\"ListItem\",\"position\":1,\"name\":\"Home\",\"item\":\"https:\/\/aclustin.be\/\"},{\"@type\":\"ListItem\",\"position\":2,\"name\":\"Blessure\"}]},{\"@type\":\"WebSite\",\"@id\":\"https:\/\/aclustin.be\/#website\",\"url\":\"https:\/\/aclustin.be\/\",\"name\":\"AC Lustin\",\"description\":\"\",\"publisher\":{\"@id\":\"https:\/\/aclustin.be\/#organization\"},\"potentialAction\":[{\"@type\":\"SearchAction\",\"target\":{\"@type\":\"EntryPoint\",\"urlTemplate\":\"https:\/\/aclustin.be\/?s={search_term_string}\"},\"query-input\":\"required name=search_term_string\"}],\"inLanguage\":\"en-US\"},{\"@type\":\"Organization\",\"@id\":\"https:\/\/aclustin.be\/#organization\",\"name\":\"AC Lustin\",\"url\":\"https:\/\/aclustin.be\/\",\"logo\":{\"@type\":\"ImageObject\",\"inLanguage\":\"en-US\",\"@id\":\"https:\/\/aclustin.be\/#\/schema\/logo\/image\/\",\"url\":\"https:\/\/aclustin.be\/wp-content\/uploads\/2021\/02\/06027.jpg\",\"contentUrl\":\"https:\/\/aclustin.be\/wp-content\/uploads\/2021\/02\/06027.jpg\",\"width\":200,\"height\":160,\"caption\":\"AC Lustin\"},\"image\":{\"@id\":\"https:\/\/aclustin.be\/#\/schema\/logo\/image\/\"},\"sameAs\":[\"https:\/\/www.facebook.com\/groups\/392533567482660\"]}]}<\/script>\n<!-- \/ Yoast SEO plugin. -->","yoast_head_json":{"title":"Blessure -","robots":{"index":"index","follow":"follow","max-snippet":"max-snippet:-1","max-image-preview":"max-image-preview:large","max-video-preview":"max-video-preview:-1"},"canonical":"https:\/\/aclustin.be\/index.php\/documents\/","og_locale":"en_US","og_type":"article","og_title":"Blessure -","og_description":"1.D\u00e9claration Accident En cas de passage dans un service d&#8217;urgence: Le jour de l&#8217;accident, se rendre aux urgences et leur demander un document pour l&#8217;assurance du football (ils ne remplissent plus les documents de la f\u00e9d\u00e9ration). Remplir ensuite la partie d\u00e9volue aux parents, au joueur du document pr\u00e9sent sur le site du club. Y indiquer le nom, le pr\u00e9nom, le jour et l&#8217;heure de l&#8217;accident et une br\u00e8ve description de celui-ci. Coller une vignette mutuelle \u00e0 l&#8217;endroit pr\u00e9vu et signer le document. Le CQ s&#8217;occupera des autres \u00e9l\u00e9ments \u00e0 remplir. Transmettre au CQ soit par mail (challejm@hotmail.com) un scanner\u00a0(format PDF)\u00a0pas...","og_url":"https:\/\/aclustin.be\/index.php\/documents\/","article_publisher":"https:\/\/www.facebook.com\/groups\/392533567482660","article_modified_time":"2024-10-17T09:36:21+00:00","og_image":[{"url":"https:\/\/aclustin.be\/wp-content\/uploads\/2021\/03\/accident2.jpg"}],"twitter_card":"summary_large_image","twitter_misc":{"Est. reading time":"3 minutes"},"schema":{"@context":"https:\/\/schema.org","@graph":[{"@type":"WebPage","@id":"https:\/\/aclustin.be\/index.php\/documents\/","url":"https:\/\/aclustin.be\/index.php\/documents\/","name":"Blessure -","isPartOf":{"@id":"https:\/\/aclustin.be\/#website"},"datePublished":"2021-02-04T19:37:43+00:00","dateModified":"2024-10-17T09:36:21+00:00","breadcrumb":{"@id":"https:\/\/aclustin.be\/index.php\/documents\/#breadcrumb"},"inLanguage":"en-US","potentialAction":[{"@type":"ReadAction","target":["https:\/\/aclustin.be\/index.php\/documents\/"]}]},{"@type":"BreadcrumbList","@id":"https:\/\/aclustin.be\/index.php\/documents\/#breadcrumb","itemListElement":[{"@type":"ListItem","position":1,"name":"Home","item":"https:\/\/aclustin.be\/"},{"@type":"ListItem","position":2,"name":"Blessure"}]},{"@type":"WebSite","@id":"https:\/\/aclustin.be\/#website","url":"https:\/\/aclustin.be\/","name":"AC Lustin","description":"","publisher":{"@id":"https:\/\/aclustin.be\/#organization"},"potentialAction":[{"@type":"SearchAction","target":{"@type":"EntryPoint","urlTemplate":"https:\/\/aclustin.be\/?s={search_term_string}"},"query-input":"required name=search_term_string"}],"inLanguage":"en-US"},{"@type":"Organization","@id":"https:\/\/aclustin.be\/#organization","name":"AC Lustin","url":"https:\/\/aclustin.be\/","logo":{"@type":"ImageObject","inLanguage":"en-US","@id":"https:\/\/aclustin.be\/#\/schema\/logo\/image\/","url":"https:\/\/aclustin.be\/wp-content\/uploads\/2021\/02\/06027.jpg","contentUrl":"https:\/\/aclustin.be\/wp-content\/uploads\/2021\/02\/06027.jpg","width":200,"height":160,"caption":"AC Lustin"},"image":{"@id":"https:\/\/aclustin.be\/#\/schema\/logo\/image\/"},"sameAs":["https:\/\/www.facebook.com\/groups\/392533567482660"]}]}},"_links":{"self":[{"href":"https:\/\/aclustin.be\/index.php\/wp-json\/wp\/v2\/pages\/2422"}],"collection":[{"href":"https:\/\/aclustin.be\/index.php\/wp-json\/wp\/v2\/pages"}],"about":[{"href":"https:\/\/aclustin.be\/index.php\/wp-json\/wp\/v2\/types\/page"}],"author":[{"embeddable":true,"href":"https:\/\/aclustin.be\/index.php\/wp-json\/wp\/v2\/users\/1"}],"replies":[{"embeddable":true,"href":"https:\/\/aclustin.be\/index.php\/wp-json\/wp\/v2\/comments?post=2422"}],"version-history":[{"count":59,"href":"https:\/\/aclustin.be\/index.php\/wp-json\/wp\/v2\/pages\/2422\/revisions"}],"predecessor-version":[{"id":6584,"href":"https:\/\/aclustin.be\/index.php\/wp-json\/wp\/v2\/pages\/2422\/revisions\/6584"}],"wp:attachment":[{"href":"https:\/\/aclustin.be\/index.php\/wp-json\/wp\/v2\/media?parent=2422"}],"curies":[{"name":"wp","href":"https:\/\/api.w.org\/{rel}","templated":true}]}}