{"id":2605,"date":"2021-02-09T00:06:47","date_gmt":"2021-02-08T23:06:47","guid":{"rendered":"http:\/\/aclustin.34.77.92.31.xip.io\/?page_id=2605"},"modified":"2025-10-18T21:25:12","modified_gmt":"2025-10-18T20:25:12","slug":"u14-a","status":"publish","type":"page","link":"https:\/\/aclustin.be\/index.php\/u14-a\/","title":{"rendered":"U17"},"content":{"rendered":"\t\t<div data-elementor-type=\"wp-page\" data-elementor-id=\"2605\" class=\"elementor elementor-2605\">\n\t\t\t\t\t\t\t\t\t<section class=\"elementor-section elementor-top-section elementor-element elementor-element-0da845e elementor-section-boxed elementor-section-height-default elementor-section-height-default\" data-id=\"0da845e\" data-element_type=\"section\">\n\t\t\t\t\t\t<div class=\"elementor-container elementor-column-gap-default\">\n\t\t\t\t\t<div class=\"elementor-column elementor-col-50 elementor-top-column elementor-element elementor-element-a35f300\" data-id=\"a35f300\" data-element_type=\"column\">\n\t\t\t<div class=\"elementor-widget-wrap elementor-element-populated\">\n\t\t\t\t\t\t\t\t<div class=\"elementor-element elementor-element-b894542 elementor-widget elementor-widget-image\" data-id=\"b894542\" data-element_type=\"widget\" data-widget_type=\"image.default\">\n\t\t\t\t<div class=\"elementor-widget-container\">\n\t\t\t\t\t\t\t\t\t\t\t\t\t\t\t<img loading=\"lazy\" decoding=\"async\" width=\"209\" height=\"300\" src=\"https:\/\/aclustin.be\/wp-content\/uploads\/2024\/06\/Capture-decran-2024-06-28-163233-209x300.png\" class=\"attachment-medium size-medium wp-image-6192\" alt=\"\" srcset=\"https:\/\/aclustin.be\/wp-content\/uploads\/2024\/06\/Capture-decran-2024-06-28-163233-209x300.png 209w, https:\/\/aclustin.be\/wp-content\/uploads\/2024\/06\/Capture-decran-2024-06-28-163233.png 245w\" sizes=\"(max-width: 209px) 100vw, 209px\" \/>\t\t\t\t\t\t\t\t\t\t\t\t\t\t\t<\/div>\n\t\t\t\t<\/div>\n\t\t\t\t\t<\/div>\n\t\t<\/div>\n\t\t\t\t<div class=\"elementor-column elementor-col-50 elementor-top-column elementor-element elementor-element-6650a4f\" data-id=\"6650a4f\" data-element_type=\"column\">\n\t\t\t<div class=\"elementor-widget-wrap elementor-element-populated\">\n\t\t\t\t\t\t\t\t<div class=\"elementor-element elementor-element-07de1bb elementor-widget elementor-widget-text-editor\" data-id=\"07de1bb\" data-element_type=\"widget\" data-widget_type=\"text-editor.default\">\n\t\t\t\t<div class=\"elementor-widget-container\">\n\t\t\t\t\t\t\t<h6 class=\"font_2\"><strong>Maxime Notte<\/strong><\/h6><h6 class=\"font_2\"><strong>Entra\u00eeneur T1<\/strong><br \/>GSM:0492 457997<br \/>Mail : <span style=\"color: #339966;\">maxime_notte@hotmail.com<\/span><\/h6>\t\t\t\t\t\t<\/div>\n\t\t\t\t<\/div>\n\t\t\t\t\t<\/div>\n\t\t<\/div>\n\t\t\t\t\t\t\t<\/div>\n\t\t<\/section>\n\t\t\t\t<section class=\"elementor-section elementor-top-section elementor-element elementor-element-85a209b elementor-section-boxed elementor-section-height-default elementor-section-height-default\" data-id=\"85a209b\" data-element_type=\"section\">\n\t\t\t\t\t\t<div class=\"elementor-container elementor-column-gap-default\">\n\t\t\t\t\t<div class=\"elementor-column elementor-col-50 elementor-top-column elementor-element elementor-element-0e239b7\" data-id=\"0e239b7\" data-element_type=\"column\">\n\t\t\t<div class=\"elementor-widget-wrap elementor-element-populated\">\n\t\t\t\t\t\t\t\t<div class=\"elementor-element elementor-element-357fa77 elementor-widget elementor-widget-image\" data-id=\"357fa77\" data-element_type=\"widget\" data-widget_type=\"image.default\">\n\t\t\t\t<div class=\"elementor-widget-container\">\n\t\t\t\t\t\t\t\t\t\t\t\t\t\t\t<img loading=\"lazy\" decoding=\"async\" width=\"208\" height=\"279\" src=\"https:\/\/aclustin.be\/wp-content\/uploads\/2025\/10\/image_2025-10-06_110701890.png\" class=\"attachment-medium size-medium wp-image-7311\" alt=\"\" \/>\t\t\t\t\t\t\t\t\t\t\t\t\t\t\t<\/div>\n\t\t\t\t<\/div>\n\t\t\t\t\t<\/div>\n\t\t<\/div>\n\t\t\t\t<div class=\"elementor-column elementor-col-50 elementor-top-column elementor-element elementor-element-812ca97\" data-id=\"812ca97\" data-element_type=\"column\">\n\t\t\t<div class=\"elementor-widget-wrap elementor-element-populated\">\n\t\t\t\t\t\t\t\t<div class=\"elementor-element elementor-element-6922f9b elementor-widget elementor-widget-text-editor\" data-id=\"6922f9b\" data-element_type=\"widget\" data-widget_type=\"text-editor.default\">\n\t\t\t\t<div class=\"elementor-widget-container\">\n\t\t\t\t\t\t\t<h6 class=\"font_2\"><strong>Anne Laure Valette<\/strong><\/h6><h6 class=\"font_2\"><strong>D\u00e9l\u00e9gu\u00e9(e)<\/strong><br \/>GSM: 0471 711785<br \/>Mail: <span style=\"color: #339966;\">annelaure_vallette@hotmail.com<\/span><\/h6>\t\t\t\t\t\t<\/div>\n\t\t\t\t<\/div>\n\t\t\t\t\t<\/div>\n\t\t<\/div>\n\t\t\t\t\t\t\t<\/div>\n\t\t<\/section>\n\t\t\t\t<section class=\"elementor-section elementor-top-section elementor-element elementor-element-36fc2e7 elementor-section-boxed elementor-section-height-default elementor-section-height-default\" data-id=\"36fc2e7\" data-element_type=\"section\">\n\t\t\t\t\t\t<div class=\"elementor-container elementor-column-gap-default\">\n\t\t\t\t\t<div class=\"elementor-column elementor-col-100 elementor-top-column elementor-element elementor-element-324136e\" data-id=\"324136e\" data-element_type=\"column\">\n\t\t\t<div class=\"elementor-widget-wrap elementor-element-populated\">\n\t\t\t\t\t\t\t\t<div class=\"elementor-element elementor-element-70d3bea elementor-widget elementor-widget-image\" data-id=\"70d3bea\" data-element_type=\"widget\" data-widget_type=\"image.default\">\n\t\t\t\t<div class=\"elementor-widget-container\">\n\t\t\t\t\t\t\t\t\t\t\t\t\t\t\t<img loading=\"lazy\" decoding=\"async\" width=\"1024\" height=\"768\" src=\"https:\/\/aclustin.be\/wp-content\/uploads\/2025\/10\/5a06eef4-ce5b-49ec-821e-56bbd52f0fa8-1024x768.jpg\" class=\"attachment-large size-large wp-image-7339\" alt=\"\" srcset=\"https:\/\/aclustin.be\/wp-content\/uploads\/2025\/10\/5a06eef4-ce5b-49ec-821e-56bbd52f0fa8-1024x768.jpg 1024w, https:\/\/aclustin.be\/wp-content\/uploads\/2025\/10\/5a06eef4-ce5b-49ec-821e-56bbd52f0fa8-300x225.jpg 300w, https:\/\/aclustin.be\/wp-content\/uploads\/2025\/10\/5a06eef4-ce5b-49ec-821e-56bbd52f0fa8-768x576.jpg 768w, https:\/\/aclustin.be\/wp-content\/uploads\/2025\/10\/5a06eef4-ce5b-49ec-821e-56bbd52f0fa8-1536x1152.jpg 1536w, https:\/\/aclustin.be\/wp-content\/uploads\/2025\/10\/5a06eef4-ce5b-49ec-821e-56bbd52f0fa8.jpg 2048w\" sizes=\"(max-width: 1024px) 100vw, 1024px\" \/>\t\t\t\t\t\t\t\t\t\t\t\t\t\t\t<\/div>\n\t\t\t\t<\/div>\n\t\t\t\t\t<\/div>\n\t\t<\/div>\n\t\t\t\t\t\t\t<\/div>\n\t\t<\/section>\n\t\t\t\t<section class=\"elementor-section elementor-top-section elementor-element elementor-element-c91e9e5 elementor-section-boxed elementor-section-height-default elementor-section-height-default\" data-id=\"c91e9e5\" data-element_type=\"section\">\n\t\t\t\t\t\t<div class=\"elementor-container elementor-column-gap-default\">\n\t\t\t\t\t<div class=\"elementor-column elementor-col-100 elementor-top-column elementor-element elementor-element-ef8bb83\" data-id=\"ef8bb83\" data-element_type=\"column\">\n\t\t\t<div class=\"elementor-widget-wrap elementor-element-populated\">\n\t\t\t\t\t\t\t\t<div class=\"elementor-element elementor-element-671a9e8 elementor-widget elementor-widget-image\" data-id=\"671a9e8\" data-element_type=\"widget\" data-widget_type=\"image.default\">\n\t\t\t\t<div class=\"elementor-widget-container\">\n\t\t\t\t\t\t\t\t\t\t\t\t\t\t\t\t<a href=\"https:\/\/www.acff.be\/club\/2087\/equipe\/345812\/calendrier\" target=\"_blank\">\n\t\t\t\t\t\t\t<img decoding=\"async\" src=\"https:\/\/aclustin.be\/wp-content\/uploads\/2021\/07\/calendrier-logo.png\" title=\"\" alt=\"\" loading=\"lazy\" \/>\t\t\t\t\t\t\t\t<\/a>\n\t\t\t\t\t\t\t\t\t\t\t\t\t\t\t<\/div>\n\t\t\t\t<\/div>\n\t\t\t\t\t<\/div>\n\t\t<\/div>\n\t\t\t\t\t\t\t<\/div>\n\t\t<\/section>\n\t\t\t\t\t\t\t<\/div>\n\t\t","protected":false},"excerpt":{"rendered":"<p>Maxime Notte Entra\u00eeneur T1GSM:0492 457997Mail : maxime_notte@hotmail.com Anne Laure Valette D\u00e9l\u00e9gu\u00e9(e)GSM: 0471 711785Mail: annelaure_vallette@hotmail.com<\/p>\n","protected":false},"author":4,"featured_media":0,"parent":0,"menu_order":0,"comment_status":"closed","ping_status":"closed","template":"","meta":{"footnotes":""},"yoast_head":"<!-- This site is optimized with the Yoast SEO plugin v20.12 - https:\/\/yoast.com\/wordpress\/plugins\/seo\/ -->\n<title>U17 -<\/title>\n<meta name=\"robots\" content=\"index, follow, max-snippet:-1, max-image-preview:large, max-video-preview:-1\" \/>\n<link rel=\"canonical\" href=\"https:\/\/aclustin.be\/index.php\/u14-a\/\" \/>\n<meta property=\"og:locale\" content=\"en_US\" \/>\n<meta property=\"og:type\" content=\"article\" \/>\n<meta property=\"og:title\" content=\"U17 -\" \/>\n<meta property=\"og:description\" content=\"Maxime Notte Entra\u00eeneur T1GSM:0492 457997Mail : maxime_notte@hotmail.com Anne Laure Valette D\u00e9l\u00e9gu\u00e9(e)GSM: 0471 711785Mail: annelaure_vallette@hotmail.com\" \/>\n<meta property=\"og:url\" content=\"https:\/\/aclustin.be\/index.php\/u14-a\/\" \/>\n<meta property=\"article:publisher\" content=\"https:\/\/www.facebook.com\/groups\/392533567482660\" \/>\n<meta property=\"article:modified_time\" content=\"2025-10-18T20:25:12+00:00\" \/>\n<meta property=\"og:image\" content=\"https:\/\/aclustin.be\/wp-content\/uploads\/2024\/06\/Capture-decran-2024-06-28-163233-209x300.png\" \/>\n<meta name=\"twitter:card\" content=\"summary_large_image\" \/>\n<meta name=\"twitter:label1\" content=\"Est. reading time\" \/>\n\t<meta name=\"twitter:data1\" content=\"1 minute\" \/>\n<script type=\"application\/ld+json\" class=\"yoast-schema-graph\">{\"@context\":\"https:\/\/schema.org\",\"@graph\":[{\"@type\":\"WebPage\",\"@id\":\"https:\/\/aclustin.be\/index.php\/u14-a\/\",\"url\":\"https:\/\/aclustin.be\/index.php\/u14-a\/\",\"name\":\"U17 -\",\"isPartOf\":{\"@id\":\"https:\/\/aclustin.be\/#website\"},\"datePublished\":\"2021-02-08T23:06:47+00:00\",\"dateModified\":\"2025-10-18T20:25:12+00:00\",\"breadcrumb\":{\"@id\":\"https:\/\/aclustin.be\/index.php\/u14-a\/#breadcrumb\"},\"inLanguage\":\"en-US\",\"potentialAction\":[{\"@type\":\"ReadAction\",\"target\":[\"https:\/\/aclustin.be\/index.php\/u14-a\/\"]}]},{\"@type\":\"BreadcrumbList\",\"@id\":\"https:\/\/aclustin.be\/index.php\/u14-a\/#breadcrumb\",\"itemListElement\":[{\"@type\":\"ListItem\",\"position\":1,\"name\":\"Home\",\"item\":\"https:\/\/aclustin.be\/\"},{\"@type\":\"ListItem\",\"position\":2,\"name\":\"U17\"}]},{\"@type\":\"WebSite\",\"@id\":\"https:\/\/aclustin.be\/#website\",\"url\":\"https:\/\/aclustin.be\/\",\"name\":\"AC Lustin\",\"description\":\"\",\"publisher\":{\"@id\":\"https:\/\/aclustin.be\/#organization\"},\"potentialAction\":[{\"@type\":\"SearchAction\",\"target\":{\"@type\":\"EntryPoint\",\"urlTemplate\":\"https:\/\/aclustin.be\/?s={search_term_string}\"},\"query-input\":\"required name=search_term_string\"}],\"inLanguage\":\"en-US\"},{\"@type\":\"Organization\",\"@id\":\"https:\/\/aclustin.be\/#organization\",\"name\":\"AC Lustin\",\"url\":\"https:\/\/aclustin.be\/\",\"logo\":{\"@type\":\"ImageObject\",\"inLanguage\":\"en-US\",\"@id\":\"https:\/\/aclustin.be\/#\/schema\/logo\/image\/\",\"url\":\"https:\/\/aclustin.be\/wp-content\/uploads\/2021\/02\/06027.jpg\",\"contentUrl\":\"https:\/\/aclustin.be\/wp-content\/uploads\/2021\/02\/06027.jpg\",\"width\":200,\"height\":160,\"caption\":\"AC Lustin\"},\"image\":{\"@id\":\"https:\/\/aclustin.be\/#\/schema\/logo\/image\/\"},\"sameAs\":[\"https:\/\/www.facebook.com\/groups\/392533567482660\"]}]}<\/script>\n<!-- \/ Yoast SEO plugin. -->","yoast_head_json":{"title":"U17 -","robots":{"index":"index","follow":"follow","max-snippet":"max-snippet:-1","max-image-preview":"max-image-preview:large","max-video-preview":"max-video-preview:-1"},"canonical":"https:\/\/aclustin.be\/index.php\/u14-a\/","og_locale":"en_US","og_type":"article","og_title":"U17 -","og_description":"Maxime Notte Entra\u00eeneur T1GSM:0492 457997Mail : maxime_notte@hotmail.com Anne Laure Valette D\u00e9l\u00e9gu\u00e9(e)GSM: 0471 711785Mail: annelaure_vallette@hotmail.com","og_url":"https:\/\/aclustin.be\/index.php\/u14-a\/","article_publisher":"https:\/\/www.facebook.com\/groups\/392533567482660","article_modified_time":"2025-10-18T20:25:12+00:00","og_image":[{"url":"https:\/\/aclustin.be\/wp-content\/uploads\/2024\/06\/Capture-decran-2024-06-28-163233-209x300.png"}],"twitter_card":"summary_large_image","twitter_misc":{"Est. reading time":"1 minute"},"schema":{"@context":"https:\/\/schema.org","@graph":[{"@type":"WebPage","@id":"https:\/\/aclustin.be\/index.php\/u14-a\/","url":"https:\/\/aclustin.be\/index.php\/u14-a\/","name":"U17 -","isPartOf":{"@id":"https:\/\/aclustin.be\/#website"},"datePublished":"2021-02-08T23:06:47+00:00","dateModified":"2025-10-18T20:25:12+00:00","breadcrumb":{"@id":"https:\/\/aclustin.be\/index.php\/u14-a\/#breadcrumb"},"inLanguage":"en-US","potentialAction":[{"@type":"ReadAction","target":["https:\/\/aclustin.be\/index.php\/u14-a\/"]}]},{"@type":"BreadcrumbList","@id":"https:\/\/aclustin.be\/index.php\/u14-a\/#breadcrumb","itemListElement":[{"@type":"ListItem","position":1,"name":"Home","item":"https:\/\/aclustin.be\/"},{"@type":"ListItem","position":2,"name":"U17"}]},{"@type":"WebSite","@id":"https:\/\/aclustin.be\/#website","url":"https:\/\/aclustin.be\/","name":"AC Lustin","description":"","publisher":{"@id":"https:\/\/aclustin.be\/#organization"},"potentialAction":[{"@type":"SearchAction","target":{"@type":"EntryPoint","urlTemplate":"https:\/\/aclustin.be\/?s={search_term_string}"},"query-input":"required name=search_term_string"}],"inLanguage":"en-US"},{"@type":"Organization","@id":"https:\/\/aclustin.be\/#organization","name":"AC Lustin","url":"https:\/\/aclustin.be\/","logo":{"@type":"ImageObject","inLanguage":"en-US","@id":"https:\/\/aclustin.be\/#\/schema\/logo\/image\/","url":"https:\/\/aclustin.be\/wp-content\/uploads\/2021\/02\/06027.jpg","contentUrl":"https:\/\/aclustin.be\/wp-content\/uploads\/2021\/02\/06027.jpg","width":200,"height":160,"caption":"AC Lustin"},"image":{"@id":"https:\/\/aclustin.be\/#\/schema\/logo\/image\/"},"sameAs":["https:\/\/www.facebook.com\/groups\/392533567482660"]}]}},"_links":{"self":[{"href":"https:\/\/aclustin.be\/index.php\/wp-json\/wp\/v2\/pages\/2605"}],"collection":[{"href":"https:\/\/aclustin.be\/index.php\/wp-json\/wp\/v2\/pages"}],"about":[{"href":"https:\/\/aclustin.be\/index.php\/wp-json\/wp\/v2\/types\/page"}],"author":[{"embeddable":true,"href":"https:\/\/aclustin.be\/index.php\/wp-json\/wp\/v2\/users\/4"}],"replies":[{"embeddable":true,"href":"https:\/\/aclustin.be\/index.php\/wp-json\/wp\/v2\/comments?post=2605"}],"version-history":[{"count":108,"href":"https:\/\/aclustin.be\/index.php\/wp-json\/wp\/v2\/pages\/2605\/revisions"}],"predecessor-version":[{"id":7342,"href":"https:\/\/aclustin.be\/index.php\/wp-json\/wp\/v2\/pages\/2605\/revisions\/7342"}],"wp:attachment":[{"href":"https:\/\/aclustin.be\/index.php\/wp-json\/wp\/v2\/media?parent=2605"}],"curies":[{"name":"wp","href":"https:\/\/api.w.org\/{rel}","templated":true}]}}