{"id":3448,"date":"2021-07-01T21:23:41","date_gmt":"2021-07-01T20:23:41","guid":{"rendered":"http:\/\/34.34.176.45:31766\/?page_id=3448"},"modified":"2025-10-20T11:39:27","modified_gmt":"2025-10-20T10:39:27","slug":"u13-b-2","status":"publish","type":"page","link":"https:\/\/aclustin.be\/index.php\/u13-b-2\/","title":{"rendered":"U16 B"},"content":{"rendered":"\t\t<div data-elementor-type=\"wp-page\" data-elementor-id=\"3448\" class=\"elementor elementor-3448\">\n\t\t\t\t\t\t\t\t\t<section class=\"elementor-section elementor-top-section elementor-element elementor-element-546c408 elementor-section-boxed elementor-section-height-default elementor-section-height-default\" data-id=\"546c408\" data-element_type=\"section\">\n\t\t\t\t\t\t<div class=\"elementor-container elementor-column-gap-default\">\n\t\t\t\t\t<div class=\"elementor-column elementor-col-50 elementor-top-column elementor-element elementor-element-c4c4b5b\" data-id=\"c4c4b5b\" data-element_type=\"column\">\n\t\t\t<div class=\"elementor-widget-wrap elementor-element-populated\">\n\t\t\t\t\t\t\t\t<div class=\"elementor-element elementor-element-e90ed0f elementor-widget elementor-widget-image\" data-id=\"e90ed0f\" data-element_type=\"widget\" data-widget_type=\"image.default\">\n\t\t\t\t<div class=\"elementor-widget-container\">\n\t\t\t\t\t\t\t\t\t\t\t\t\t\t\t<img loading=\"lazy\" decoding=\"async\" width=\"135\" height=\"300\" src=\"https:\/\/aclustin.be\/wp-content\/uploads\/2025\/09\/Vincent-Mathy-135x300.jpg\" class=\"attachment-medium size-medium wp-image-7284\" alt=\"\" srcset=\"https:\/\/aclustin.be\/wp-content\/uploads\/2025\/09\/Vincent-Mathy-135x300.jpg 135w, https:\/\/aclustin.be\/wp-content\/uploads\/2025\/09\/Vincent-Mathy-460x1024.jpg 460w, https:\/\/aclustin.be\/wp-content\/uploads\/2025\/09\/Vincent-Mathy-768x1710.jpg 768w, https:\/\/aclustin.be\/wp-content\/uploads\/2025\/09\/Vincent-Mathy-690x1536.jpg 690w, https:\/\/aclustin.be\/wp-content\/uploads\/2025\/09\/Vincent-Mathy-920x2048.jpg 920w, https:\/\/aclustin.be\/wp-content\/uploads\/2025\/09\/Vincent-Mathy-scaled.jpg 1150w\" sizes=\"(max-width: 135px) 100vw, 135px\" \/>\t\t\t\t\t\t\t\t\t\t\t\t\t\t\t<\/div>\n\t\t\t\t<\/div>\n\t\t\t\t\t<\/div>\n\t\t<\/div>\n\t\t\t\t<div class=\"elementor-column elementor-col-50 elementor-top-column elementor-element elementor-element-1d8e526\" data-id=\"1d8e526\" data-element_type=\"column\">\n\t\t\t<div class=\"elementor-widget-wrap elementor-element-populated\">\n\t\t\t\t\t\t\t\t<div class=\"elementor-element elementor-element-0be08bf elementor-widget elementor-widget-text-editor\" data-id=\"0be08bf\" data-element_type=\"widget\" data-widget_type=\"text-editor.default\">\n\t\t\t\t<div class=\"elementor-widget-container\">\n\t\t\t\t\t\t\t<h6 class=\"font_2\"><strong>Vincent\u00a0 Mathy<\/strong><\/h6><h6 class=\"font_2\"><strong>Entra\u00eeneur T1<\/strong><br \/>GSM: 0472 903954<br \/>Mail: <span style=\"color: #339966;\">vincent.mathy@hotmail.be<\/span><\/h6>\t\t\t\t\t\t<\/div>\n\t\t\t\t<\/div>\n\t\t\t\t\t<\/div>\n\t\t<\/div>\n\t\t\t\t\t\t\t<\/div>\n\t\t<\/section>\n\t\t\t\t<section class=\"elementor-section elementor-top-section elementor-element elementor-element-cce2d34 elementor-section-boxed elementor-section-height-default elementor-section-height-default\" data-id=\"cce2d34\" data-element_type=\"section\">\n\t\t\t\t\t\t<div class=\"elementor-container elementor-column-gap-default\">\n\t\t\t\t\t<div class=\"elementor-column elementor-col-50 elementor-top-column elementor-element elementor-element-906b537\" data-id=\"906b537\" data-element_type=\"column\">\n\t\t\t<div class=\"elementor-widget-wrap elementor-element-populated\">\n\t\t\t\t\t\t\t\t<div class=\"elementor-element elementor-element-235a40f elementor-widget elementor-widget-image\" data-id=\"235a40f\" data-element_type=\"widget\" data-widget_type=\"image.default\">\n\t\t\t\t<div class=\"elementor-widget-container\">\n\t\t\t\t\t\t\t\t\t\t\t\t\t\t\t<img loading=\"lazy\" decoding=\"async\" width=\"135\" height=\"300\" src=\"https:\/\/aclustin.be\/wp-content\/uploads\/2025\/09\/Sandrine-Waregne-135x300.jpg\" class=\"attachment-medium size-medium wp-image-7283\" alt=\"\" srcset=\"https:\/\/aclustin.be\/wp-content\/uploads\/2025\/09\/Sandrine-Waregne-135x300.jpg 135w, https:\/\/aclustin.be\/wp-content\/uploads\/2025\/09\/Sandrine-Waregne-460x1024.jpg 460w, https:\/\/aclustin.be\/wp-content\/uploads\/2025\/09\/Sandrine-Waregne-768x1710.jpg 768w, https:\/\/aclustin.be\/wp-content\/uploads\/2025\/09\/Sandrine-Waregne-690x1536.jpg 690w, https:\/\/aclustin.be\/wp-content\/uploads\/2025\/09\/Sandrine-Waregne-920x2048.jpg 920w, https:\/\/aclustin.be\/wp-content\/uploads\/2025\/09\/Sandrine-Waregne-scaled.jpg 1150w\" sizes=\"(max-width: 135px) 100vw, 135px\" \/>\t\t\t\t\t\t\t\t\t\t\t\t\t\t\t<\/div>\n\t\t\t\t<\/div>\n\t\t\t\t\t<\/div>\n\t\t<\/div>\n\t\t\t\t<div class=\"elementor-column elementor-col-50 elementor-top-column elementor-element elementor-element-07efe16\" data-id=\"07efe16\" data-element_type=\"column\">\n\t\t\t<div class=\"elementor-widget-wrap elementor-element-populated\">\n\t\t\t\t\t\t\t\t<div class=\"elementor-element elementor-element-9a35b97 elementor-widget elementor-widget-text-editor\" data-id=\"9a35b97\" data-element_type=\"widget\" data-widget_type=\"text-editor.default\">\n\t\t\t\t<div class=\"elementor-widget-container\">\n\t\t\t\t\t\t\t<h6 class=\"font_2\"><strong>Sandrine Waregne<\/strong><\/h6><h6 class=\"font_2\"><strong>D\u00e9l\u00e9gu\u00e9(e)<\/strong><br \/>GSM:\u00a0 0486 735733<br \/>Mail: <span style=\"color: #339966;\">drindrin.69@hotmail.com<\/span><\/h6>\t\t\t\t\t\t<\/div>\n\t\t\t\t<\/div>\n\t\t\t\t\t<\/div>\n\t\t<\/div>\n\t\t\t\t\t\t\t<\/div>\n\t\t<\/section>\n\t\t\t\t<section class=\"elementor-section elementor-top-section elementor-element elementor-element-aea8ac3 elementor-section-boxed elementor-section-height-default elementor-section-height-default\" data-id=\"aea8ac3\" data-element_type=\"section\">\n\t\t\t\t\t\t<div class=\"elementor-container elementor-column-gap-default\">\n\t\t\t\t\t<div class=\"elementor-column elementor-col-100 elementor-top-column elementor-element elementor-element-ec6201b\" data-id=\"ec6201b\" data-element_type=\"column\">\n\t\t\t<div class=\"elementor-widget-wrap elementor-element-populated\">\n\t\t\t\t\t\t\t\t<div class=\"elementor-element elementor-element-31a2e14 elementor-widget elementor-widget-image\" data-id=\"31a2e14\" data-element_type=\"widget\" data-widget_type=\"image.default\">\n\t\t\t\t<div class=\"elementor-widget-container\">\n\t\t\t\t\t\t\t\t\t\t\t\t\t\t\t<img loading=\"lazy\" decoding=\"async\" width=\"1024\" height=\"768\" src=\"https:\/\/aclustin.be\/wp-content\/uploads\/2025\/10\/WhatsApp-Image-2025-10-20-at-10.42.23-1024x768.jpeg\" class=\"attachment-large size-large wp-image-7369\" alt=\"\" srcset=\"https:\/\/aclustin.be\/wp-content\/uploads\/2025\/10\/WhatsApp-Image-2025-10-20-at-10.42.23-1024x768.jpeg 1024w, https:\/\/aclustin.be\/wp-content\/uploads\/2025\/10\/WhatsApp-Image-2025-10-20-at-10.42.23-300x225.jpeg 300w, https:\/\/aclustin.be\/wp-content\/uploads\/2025\/10\/WhatsApp-Image-2025-10-20-at-10.42.23-768x576.jpeg 768w, https:\/\/aclustin.be\/wp-content\/uploads\/2025\/10\/WhatsApp-Image-2025-10-20-at-10.42.23-1536x1152.jpeg 1536w, https:\/\/aclustin.be\/wp-content\/uploads\/2025\/10\/WhatsApp-Image-2025-10-20-at-10.42.23.jpeg 1600w\" sizes=\"(max-width: 1024px) 100vw, 1024px\" \/>\t\t\t\t\t\t\t\t\t\t\t\t\t\t\t<\/div>\n\t\t\t\t<\/div>\n\t\t\t\t\t<\/div>\n\t\t<\/div>\n\t\t\t\t\t\t\t<\/div>\n\t\t<\/section>\n\t\t\t\t<section class=\"elementor-section elementor-top-section elementor-element elementor-element-6234b12 elementor-section-boxed elementor-section-height-default elementor-section-height-default\" data-id=\"6234b12\" data-element_type=\"section\">\n\t\t\t\t\t\t<div class=\"elementor-container elementor-column-gap-default\">\n\t\t\t\t\t<div class=\"elementor-column elementor-col-100 elementor-top-column elementor-element elementor-element-ef1e50b\" data-id=\"ef1e50b\" data-element_type=\"column\">\n\t\t\t<div class=\"elementor-widget-wrap elementor-element-populated\">\n\t\t\t\t\t\t\t\t<div class=\"elementor-element elementor-element-2316195 elementor-widget elementor-widget-image\" data-id=\"2316195\" data-element_type=\"widget\" data-widget_type=\"image.default\">\n\t\t\t\t<div class=\"elementor-widget-container\">\n\t\t\t\t\t\t\t\t\t\t\t\t\t\t\t\t<a href=\"https:\/\/www.acff.be\/club\/2087\/equipe\/346221\/calendrier\" target=\"_blank\">\n\t\t\t\t\t\t\t<img decoding=\"async\" src=\"https:\/\/aclustin.be\/wp-content\/uploads\/2021\/07\/calendrier-logo.png\" title=\"\" alt=\"\" loading=\"lazy\" \/>\t\t\t\t\t\t\t\t<\/a>\n\t\t\t\t\t\t\t\t\t\t\t\t\t\t\t<\/div>\n\t\t\t\t<\/div>\n\t\t\t\t\t<\/div>\n\t\t<\/div>\n\t\t\t\t\t\t\t<\/div>\n\t\t<\/section>\n\t\t\t\t\t\t\t<\/div>\n\t\t","protected":false},"excerpt":{"rendered":"<p>Vincent\u00a0 Mathy Entra\u00eeneur T1GSM: 0472 903954Mail: vincent.mathy@hotmail.be Sandrine Waregne D\u00e9l\u00e9gu\u00e9(e)GSM:\u00a0 0486 735733Mail: drindrin.69@hotmail.com<\/p>\n","protected":false},"author":4,"featured_media":0,"parent":0,"menu_order":0,"comment_status":"closed","ping_status":"closed","template":"","meta":{"footnotes":""},"yoast_head":"<!-- This site is optimized with the Yoast SEO plugin v20.12 - https:\/\/yoast.com\/wordpress\/plugins\/seo\/ -->\n<title>U16 B -<\/title>\n<meta name=\"robots\" content=\"index, follow, max-snippet:-1, max-image-preview:large, max-video-preview:-1\" \/>\n<link rel=\"canonical\" href=\"https:\/\/aclustin.be\/index.php\/u13-b-2\/\" \/>\n<meta property=\"og:locale\" content=\"en_US\" \/>\n<meta property=\"og:type\" content=\"article\" \/>\n<meta property=\"og:title\" content=\"U16 B -\" \/>\n<meta property=\"og:description\" content=\"Vincent\u00a0 Mathy Entra\u00eeneur T1GSM: 0472 903954Mail: vincent.mathy@hotmail.be Sandrine Waregne D\u00e9l\u00e9gu\u00e9(e)GSM:\u00a0 0486 735733Mail: drindrin.69@hotmail.com\" \/>\n<meta property=\"og:url\" content=\"https:\/\/aclustin.be\/index.php\/u13-b-2\/\" \/>\n<meta property=\"article:publisher\" content=\"https:\/\/www.facebook.com\/groups\/392533567482660\" \/>\n<meta property=\"article:modified_time\" content=\"2025-10-20T10:39:27+00:00\" \/>\n<meta property=\"og:image\" content=\"https:\/\/aclustin.be\/wp-content\/uploads\/2025\/09\/Vincent-Mathy-135x300.jpg\" \/>\n<meta name=\"twitter:card\" content=\"summary_large_image\" \/>\n<meta name=\"twitter:label1\" content=\"Est. reading time\" \/>\n\t<meta name=\"twitter:data1\" content=\"1 minute\" \/>\n<script type=\"application\/ld+json\" class=\"yoast-schema-graph\">{\"@context\":\"https:\/\/schema.org\",\"@graph\":[{\"@type\":\"WebPage\",\"@id\":\"https:\/\/aclustin.be\/index.php\/u13-b-2\/\",\"url\":\"https:\/\/aclustin.be\/index.php\/u13-b-2\/\",\"name\":\"U16 B -\",\"isPartOf\":{\"@id\":\"https:\/\/aclustin.be\/#website\"},\"datePublished\":\"2021-07-01T20:23:41+00:00\",\"dateModified\":\"2025-10-20T10:39:27+00:00\",\"breadcrumb\":{\"@id\":\"https:\/\/aclustin.be\/index.php\/u13-b-2\/#breadcrumb\"},\"inLanguage\":\"en-US\",\"potentialAction\":[{\"@type\":\"ReadAction\",\"target\":[\"https:\/\/aclustin.be\/index.php\/u13-b-2\/\"]}]},{\"@type\":\"BreadcrumbList\",\"@id\":\"https:\/\/aclustin.be\/index.php\/u13-b-2\/#breadcrumb\",\"itemListElement\":[{\"@type\":\"ListItem\",\"position\":1,\"name\":\"Home\",\"item\":\"https:\/\/aclustin.be\/\"},{\"@type\":\"ListItem\",\"position\":2,\"name\":\"U16 B\"}]},{\"@type\":\"WebSite\",\"@id\":\"https:\/\/aclustin.be\/#website\",\"url\":\"https:\/\/aclustin.be\/\",\"name\":\"AC Lustin\",\"description\":\"\",\"publisher\":{\"@id\":\"https:\/\/aclustin.be\/#organization\"},\"potentialAction\":[{\"@type\":\"SearchAction\",\"target\":{\"@type\":\"EntryPoint\",\"urlTemplate\":\"https:\/\/aclustin.be\/?s={search_term_string}\"},\"query-input\":\"required name=search_term_string\"}],\"inLanguage\":\"en-US\"},{\"@type\":\"Organization\",\"@id\":\"https:\/\/aclustin.be\/#organization\",\"name\":\"AC Lustin\",\"url\":\"https:\/\/aclustin.be\/\",\"logo\":{\"@type\":\"ImageObject\",\"inLanguage\":\"en-US\",\"@id\":\"https:\/\/aclustin.be\/#\/schema\/logo\/image\/\",\"url\":\"https:\/\/aclustin.be\/wp-content\/uploads\/2021\/02\/06027.jpg\",\"contentUrl\":\"https:\/\/aclustin.be\/wp-content\/uploads\/2021\/02\/06027.jpg\",\"width\":200,\"height\":160,\"caption\":\"AC Lustin\"},\"image\":{\"@id\":\"https:\/\/aclustin.be\/#\/schema\/logo\/image\/\"},\"sameAs\":[\"https:\/\/www.facebook.com\/groups\/392533567482660\"]}]}<\/script>\n<!-- \/ Yoast SEO plugin. -->","yoast_head_json":{"title":"U16 B -","robots":{"index":"index","follow":"follow","max-snippet":"max-snippet:-1","max-image-preview":"max-image-preview:large","max-video-preview":"max-video-preview:-1"},"canonical":"https:\/\/aclustin.be\/index.php\/u13-b-2\/","og_locale":"en_US","og_type":"article","og_title":"U16 B -","og_description":"Vincent\u00a0 Mathy Entra\u00eeneur T1GSM: 0472 903954Mail: vincent.mathy@hotmail.be Sandrine Waregne D\u00e9l\u00e9gu\u00e9(e)GSM:\u00a0 0486 735733Mail: drindrin.69@hotmail.com","og_url":"https:\/\/aclustin.be\/index.php\/u13-b-2\/","article_publisher":"https:\/\/www.facebook.com\/groups\/392533567482660","article_modified_time":"2025-10-20T10:39:27+00:00","og_image":[{"url":"https:\/\/aclustin.be\/wp-content\/uploads\/2025\/09\/Vincent-Mathy-135x300.jpg"}],"twitter_card":"summary_large_image","twitter_misc":{"Est. reading time":"1 minute"},"schema":{"@context":"https:\/\/schema.org","@graph":[{"@type":"WebPage","@id":"https:\/\/aclustin.be\/index.php\/u13-b-2\/","url":"https:\/\/aclustin.be\/index.php\/u13-b-2\/","name":"U16 B -","isPartOf":{"@id":"https:\/\/aclustin.be\/#website"},"datePublished":"2021-07-01T20:23:41+00:00","dateModified":"2025-10-20T10:39:27+00:00","breadcrumb":{"@id":"https:\/\/aclustin.be\/index.php\/u13-b-2\/#breadcrumb"},"inLanguage":"en-US","potentialAction":[{"@type":"ReadAction","target":["https:\/\/aclustin.be\/index.php\/u13-b-2\/"]}]},{"@type":"BreadcrumbList","@id":"https:\/\/aclustin.be\/index.php\/u13-b-2\/#breadcrumb","itemListElement":[{"@type":"ListItem","position":1,"name":"Home","item":"https:\/\/aclustin.be\/"},{"@type":"ListItem","position":2,"name":"U16 B"}]},{"@type":"WebSite","@id":"https:\/\/aclustin.be\/#website","url":"https:\/\/aclustin.be\/","name":"AC Lustin","description":"","publisher":{"@id":"https:\/\/aclustin.be\/#organization"},"potentialAction":[{"@type":"SearchAction","target":{"@type":"EntryPoint","urlTemplate":"https:\/\/aclustin.be\/?s={search_term_string}"},"query-input":"required name=search_term_string"}],"inLanguage":"en-US"},{"@type":"Organization","@id":"https:\/\/aclustin.be\/#organization","name":"AC Lustin","url":"https:\/\/aclustin.be\/","logo":{"@type":"ImageObject","inLanguage":"en-US","@id":"https:\/\/aclustin.be\/#\/schema\/logo\/image\/","url":"https:\/\/aclustin.be\/wp-content\/uploads\/2021\/02\/06027.jpg","contentUrl":"https:\/\/aclustin.be\/wp-content\/uploads\/2021\/02\/06027.jpg","width":200,"height":160,"caption":"AC Lustin"},"image":{"@id":"https:\/\/aclustin.be\/#\/schema\/logo\/image\/"},"sameAs":["https:\/\/www.facebook.com\/groups\/392533567482660"]}]}},"_links":{"self":[{"href":"https:\/\/aclustin.be\/index.php\/wp-json\/wp\/v2\/pages\/3448"}],"collection":[{"href":"https:\/\/aclustin.be\/index.php\/wp-json\/wp\/v2\/pages"}],"about":[{"href":"https:\/\/aclustin.be\/index.php\/wp-json\/wp\/v2\/types\/page"}],"author":[{"embeddable":true,"href":"https:\/\/aclustin.be\/index.php\/wp-json\/wp\/v2\/users\/4"}],"replies":[{"embeddable":true,"href":"https:\/\/aclustin.be\/index.php\/wp-json\/wp\/v2\/comments?post=3448"}],"version-history":[{"count":149,"href":"https:\/\/aclustin.be\/index.php\/wp-json\/wp\/v2\/pages\/3448\/revisions"}],"predecessor-version":[{"id":7372,"href":"https:\/\/aclustin.be\/index.php\/wp-json\/wp\/v2\/pages\/3448\/revisions\/7372"}],"wp:attachment":[{"href":"https:\/\/aclustin.be\/index.php\/wp-json\/wp\/v2\/media?parent=3448"}],"curies":[{"name":"wp","href":"https:\/\/api.w.org\/{rel}","templated":true}]}}