{"id":3825,"date":"2021-09-23T22:19:06","date_gmt":"2021-09-23T21:19:06","guid":{"rendered":"http:\/\/34.34.176.45:31766\/?page_id=3825"},"modified":"2026-01-30T15:14:50","modified_gmt":"2026-01-30T14:14:50","slug":"u7","status":"publish","type":"page","link":"https:\/\/aclustin.be\/index.php\/u7\/","title":{"rendered":"U10 A"},"content":{"rendered":"\t\t<div data-elementor-type=\"wp-page\" data-elementor-id=\"3825\" class=\"elementor elementor-3825\">\n\t\t\t\t\t\t\t\t\t<section class=\"elementor-section elementor-top-section elementor-element elementor-element-fe5c3af elementor-section-boxed elementor-section-height-default elementor-section-height-default\" data-id=\"fe5c3af\" data-element_type=\"section\">\n\t\t\t\t\t\t<div class=\"elementor-container elementor-column-gap-default\">\n\t\t\t\t\t<div class=\"elementor-column elementor-col-50 elementor-top-column elementor-element elementor-element-e1567b6\" data-id=\"e1567b6\" data-element_type=\"column\">\n\t\t\t<div class=\"elementor-widget-wrap elementor-element-populated\">\n\t\t\t\t\t\t\t\t<div class=\"elementor-element elementor-element-1e02080 elementor-widget elementor-widget-image\" data-id=\"1e02080\" data-element_type=\"widget\" data-widget_type=\"image.default\">\n\t\t\t\t<div class=\"elementor-widget-container\">\n\t\t\t\t\t\t\t\t\t\t\t\t\t\t\t<img decoding=\"async\" src=\"https:\/\/aclustin.be\/wp-content\/uploads\/2022\/08\/ludo-jpg-scaled.jpg\" title=\"\" alt=\"\" loading=\"lazy\" \/>\t\t\t\t\t\t\t\t\t\t\t\t\t\t\t<\/div>\n\t\t\t\t<\/div>\n\t\t\t\t\t<\/div>\n\t\t<\/div>\n\t\t\t\t<div class=\"elementor-column elementor-col-50 elementor-top-column elementor-element elementor-element-f6a6581\" data-id=\"f6a6581\" data-element_type=\"column\">\n\t\t\t<div class=\"elementor-widget-wrap elementor-element-populated\">\n\t\t\t\t\t\t\t\t<div class=\"elementor-element elementor-element-e728a21 elementor-widget elementor-widget-text-editor\" data-id=\"e728a21\" data-element_type=\"widget\" data-widget_type=\"text-editor.default\">\n\t\t\t\t<div class=\"elementor-widget-container\">\n\t\t\t\t\t\t\t<h6 class=\"font_2\"><strong>Ludo Lecomte<\/strong><\/h6><h6 class=\"font_2\"><strong>Entra\u00eeneur T1<\/strong><br \/>GSM: 0491 986910<br \/>Mail: <span lang=\"FR\" style=\"color: #008000;\">\u00a0ludolecomte@hotmail.com<\/span><\/h6>\t\t\t\t\t\t<\/div>\n\t\t\t\t<\/div>\n\t\t\t\t\t<\/div>\n\t\t<\/div>\n\t\t\t\t\t\t\t<\/div>\n\t\t<\/section>\n\t\t\t\t<section class=\"elementor-section elementor-top-section elementor-element elementor-element-104281e elementor-section-boxed elementor-section-height-default elementor-section-height-default\" data-id=\"104281e\" data-element_type=\"section\">\n\t\t\t\t\t\t<div class=\"elementor-container elementor-column-gap-default\">\n\t\t\t\t\t<div class=\"elementor-column elementor-col-50 elementor-top-column elementor-element elementor-element-29449e8\" data-id=\"29449e8\" data-element_type=\"column\">\n\t\t\t<div class=\"elementor-widget-wrap elementor-element-populated\">\n\t\t\t\t\t\t\t\t<div class=\"elementor-element elementor-element-947b106 elementor-widget elementor-widget-image\" data-id=\"947b106\" data-element_type=\"widget\" data-widget_type=\"image.default\">\n\t\t\t\t<div class=\"elementor-widget-container\">\n\t\t\t\t\t\t\t\t\t\t\t\t\t\t\t<img loading=\"lazy\" decoding=\"async\" width=\"122\" height=\"158\" src=\"https:\/\/aclustin.be\/wp-content\/uploads\/2025\/10\/image_2025-10-06_111533773.png\" class=\"attachment-medium size-medium wp-image-7318\" alt=\"\" \/>\t\t\t\t\t\t\t\t\t\t\t\t\t\t\t<\/div>\n\t\t\t\t<\/div>\n\t\t\t\t\t<\/div>\n\t\t<\/div>\n\t\t\t\t<div class=\"elementor-column elementor-col-50 elementor-top-column elementor-element elementor-element-8c2be96\" data-id=\"8c2be96\" data-element_type=\"column\">\n\t\t\t<div class=\"elementor-widget-wrap elementor-element-populated\">\n\t\t\t\t\t\t\t\t<div class=\"elementor-element elementor-element-5879dc4 elementor-widget elementor-widget-text-editor\" data-id=\"5879dc4\" data-element_type=\"widget\" data-widget_type=\"text-editor.default\">\n\t\t\t\t<div class=\"elementor-widget-container\">\n\t\t\t\t\t\t\t<h6 class=\"font_2\"><strong>Benjamin Martens<\/strong><\/h6><h6 class=\"font_2\"><strong>D\u00e9l\u00e9gu\u00e9<\/strong><br \/>GSM: 0473 590893<br \/>Mail: <span lang=\"FR\" style=\"color: #339966;\"> benjamartens@gmail.com<\/span><\/h6>\t\t\t\t\t\t<\/div>\n\t\t\t\t<\/div>\n\t\t\t\t\t<\/div>\n\t\t<\/div>\n\t\t\t\t\t\t\t<\/div>\n\t\t<\/section>\n\t\t\t\t<section class=\"elementor-section elementor-top-section elementor-element elementor-element-ba0c39f elementor-section-boxed elementor-section-height-default elementor-section-height-default\" data-id=\"ba0c39f\" data-element_type=\"section\">\n\t\t\t\t\t\t<div class=\"elementor-container elementor-column-gap-default\">\n\t\t\t\t\t<div class=\"elementor-column elementor-col-100 elementor-top-column elementor-element elementor-element-b28ac80\" data-id=\"b28ac80\" data-element_type=\"column\">\n\t\t\t<div class=\"elementor-widget-wrap elementor-element-populated\">\n\t\t\t\t\t\t\t\t<div class=\"elementor-element elementor-element-7912cae elementor-widget elementor-widget-image\" data-id=\"7912cae\" data-element_type=\"widget\" data-widget_type=\"image.default\">\n\t\t\t\t<div class=\"elementor-widget-container\">\n\t\t\t\t\t\t\t\t\t\t\t\t\t\t\t<img loading=\"lazy\" decoding=\"async\" width=\"1024\" height=\"1024\" src=\"https:\/\/aclustin.be\/wp-content\/uploads\/2025\/09\/WhatsApp-Image-2025-09-07-at-11.50.35-1024x1024.jpeg\" class=\"attachment-large size-large wp-image-7248\" alt=\"\" srcset=\"https:\/\/aclustin.be\/wp-content\/uploads\/2025\/09\/WhatsApp-Image-2025-09-07-at-11.50.35-1024x1024.jpeg 1024w, https:\/\/aclustin.be\/wp-content\/uploads\/2025\/09\/WhatsApp-Image-2025-09-07-at-11.50.35-300x300.jpeg 300w, https:\/\/aclustin.be\/wp-content\/uploads\/2025\/09\/WhatsApp-Image-2025-09-07-at-11.50.35-150x150.jpeg 150w, https:\/\/aclustin.be\/wp-content\/uploads\/2025\/09\/WhatsApp-Image-2025-09-07-at-11.50.35-768x768.jpeg 768w, https:\/\/aclustin.be\/wp-content\/uploads\/2025\/09\/WhatsApp-Image-2025-09-07-at-11.50.35-1536x1536.jpeg 1536w, https:\/\/aclustin.be\/wp-content\/uploads\/2025\/09\/WhatsApp-Image-2025-09-07-at-11.50.35.jpeg 2048w\" sizes=\"(max-width: 1024px) 100vw, 1024px\" \/>\t\t\t\t\t\t\t\t\t\t\t\t\t\t\t<\/div>\n\t\t\t\t<\/div>\n\t\t\t\t\t<\/div>\n\t\t<\/div>\n\t\t\t\t\t\t\t<\/div>\n\t\t<\/section>\n\t\t\t\t<section class=\"elementor-section elementor-top-section elementor-element elementor-element-03a401c elementor-section-boxed elementor-section-height-default elementor-section-height-default\" data-id=\"03a401c\" data-element_type=\"section\">\n\t\t\t\t\t\t<div class=\"elementor-container elementor-column-gap-default\">\n\t\t\t\t\t<div class=\"elementor-column elementor-col-100 elementor-top-column elementor-element elementor-element-17be52b\" data-id=\"17be52b\" data-element_type=\"column\">\n\t\t\t<div class=\"elementor-widget-wrap elementor-element-populated\">\n\t\t\t\t\t\t\t\t<div class=\"elementor-element elementor-element-0ff0f89 elementor-widget elementor-widget-image\" data-id=\"0ff0f89\" data-element_type=\"widget\" data-widget_type=\"image.default\">\n\t\t\t\t<div class=\"elementor-widget-container\">\n\t\t\t\t\t\t\t\t\t\t\t\t\t\t\t\t<a href=\"https:\/\/www.acff.be\/club\/2087\/equipe\/312024\/calendrier\" target=\"_blank\">\n\t\t\t\t\t\t\t<img decoding=\"async\" src=\"https:\/\/aclustin.be\/wp-content\/uploads\/2021\/07\/calendrier-logo.png\" title=\"\" alt=\"\" loading=\"lazy\" \/>\t\t\t\t\t\t\t\t<\/a>\n\t\t\t\t\t\t\t\t\t\t\t\t\t\t\t<\/div>\n\t\t\t\t<\/div>\n\t\t\t\t\t<\/div>\n\t\t<\/div>\n\t\t\t\t\t\t\t<\/div>\n\t\t<\/section>\n\t\t\t\t\t\t\t<\/div>\n\t\t","protected":false},"excerpt":{"rendered":"<p>Ludo Lecomte Entra\u00eeneur T1GSM: 0491 986910Mail: \u00a0ludolecomte@hotmail.com Benjamin Martens D\u00e9l\u00e9gu\u00e9GSM: 0473 590893Mail: benjamartens@gmail.com<\/p>\n","protected":false},"author":4,"featured_media":0,"parent":0,"menu_order":0,"comment_status":"closed","ping_status":"closed","template":"","meta":{"footnotes":""},"yoast_head":"<!-- This site is optimized with the Yoast SEO plugin v20.12 - https:\/\/yoast.com\/wordpress\/plugins\/seo\/ -->\n<title>U10 A -<\/title>\n<meta name=\"robots\" content=\"index, follow, max-snippet:-1, max-image-preview:large, max-video-preview:-1\" \/>\n<link rel=\"canonical\" href=\"https:\/\/aclustin.be\/index.php\/u7\/\" \/>\n<meta property=\"og:locale\" content=\"en_US\" \/>\n<meta property=\"og:type\" content=\"article\" \/>\n<meta property=\"og:title\" content=\"U10 A -\" \/>\n<meta property=\"og:description\" content=\"Ludo Lecomte Entra\u00eeneur T1GSM: 0491 986910Mail: \u00a0ludolecomte@hotmail.com Benjamin Martens D\u00e9l\u00e9gu\u00e9GSM: 0473 590893Mail: benjamartens@gmail.com\" \/>\n<meta property=\"og:url\" content=\"https:\/\/aclustin.be\/index.php\/u7\/\" \/>\n<meta property=\"article:publisher\" content=\"https:\/\/www.facebook.com\/groups\/392533567482660\" \/>\n<meta property=\"article:modified_time\" content=\"2026-01-30T14:14:50+00:00\" \/>\n<meta property=\"og:image\" content=\"https:\/\/aclustin.be\/wp-content\/uploads\/2022\/08\/ludo-jpg-225x300.jpg\" \/>\n<meta name=\"twitter:card\" content=\"summary_large_image\" \/>\n<meta name=\"twitter:label1\" content=\"Est. reading time\" \/>\n\t<meta name=\"twitter:data1\" content=\"1 minute\" \/>\n<script type=\"application\/ld+json\" class=\"yoast-schema-graph\">{\"@context\":\"https:\/\/schema.org\",\"@graph\":[{\"@type\":\"WebPage\",\"@id\":\"https:\/\/aclustin.be\/index.php\/u7\/\",\"url\":\"https:\/\/aclustin.be\/index.php\/u7\/\",\"name\":\"U10 A -\",\"isPartOf\":{\"@id\":\"https:\/\/aclustin.be\/#website\"},\"datePublished\":\"2021-09-23T21:19:06+00:00\",\"dateModified\":\"2026-01-30T14:14:50+00:00\",\"breadcrumb\":{\"@id\":\"https:\/\/aclustin.be\/index.php\/u7\/#breadcrumb\"},\"inLanguage\":\"en-US\",\"potentialAction\":[{\"@type\":\"ReadAction\",\"target\":[\"https:\/\/aclustin.be\/index.php\/u7\/\"]}]},{\"@type\":\"BreadcrumbList\",\"@id\":\"https:\/\/aclustin.be\/index.php\/u7\/#breadcrumb\",\"itemListElement\":[{\"@type\":\"ListItem\",\"position\":1,\"name\":\"Home\",\"item\":\"https:\/\/aclustin.be\/\"},{\"@type\":\"ListItem\",\"position\":2,\"name\":\"U10 A\"}]},{\"@type\":\"WebSite\",\"@id\":\"https:\/\/aclustin.be\/#website\",\"url\":\"https:\/\/aclustin.be\/\",\"name\":\"AC Lustin\",\"description\":\"\",\"publisher\":{\"@id\":\"https:\/\/aclustin.be\/#organization\"},\"potentialAction\":[{\"@type\":\"SearchAction\",\"target\":{\"@type\":\"EntryPoint\",\"urlTemplate\":\"https:\/\/aclustin.be\/?s={search_term_string}\"},\"query-input\":\"required name=search_term_string\"}],\"inLanguage\":\"en-US\"},{\"@type\":\"Organization\",\"@id\":\"https:\/\/aclustin.be\/#organization\",\"name\":\"AC Lustin\",\"url\":\"https:\/\/aclustin.be\/\",\"logo\":{\"@type\":\"ImageObject\",\"inLanguage\":\"en-US\",\"@id\":\"https:\/\/aclustin.be\/#\/schema\/logo\/image\/\",\"url\":\"https:\/\/aclustin.be\/wp-content\/uploads\/2021\/02\/06027.jpg\",\"contentUrl\":\"https:\/\/aclustin.be\/wp-content\/uploads\/2021\/02\/06027.jpg\",\"width\":200,\"height\":160,\"caption\":\"AC Lustin\"},\"image\":{\"@id\":\"https:\/\/aclustin.be\/#\/schema\/logo\/image\/\"},\"sameAs\":[\"https:\/\/www.facebook.com\/groups\/392533567482660\"]}]}<\/script>\n<!-- \/ Yoast SEO plugin. -->","yoast_head_json":{"title":"U10 A -","robots":{"index":"index","follow":"follow","max-snippet":"max-snippet:-1","max-image-preview":"max-image-preview:large","max-video-preview":"max-video-preview:-1"},"canonical":"https:\/\/aclustin.be\/index.php\/u7\/","og_locale":"en_US","og_type":"article","og_title":"U10 A -","og_description":"Ludo Lecomte Entra\u00eeneur T1GSM: 0491 986910Mail: \u00a0ludolecomte@hotmail.com Benjamin Martens D\u00e9l\u00e9gu\u00e9GSM: 0473 590893Mail: benjamartens@gmail.com","og_url":"https:\/\/aclustin.be\/index.php\/u7\/","article_publisher":"https:\/\/www.facebook.com\/groups\/392533567482660","article_modified_time":"2026-01-30T14:14:50+00:00","og_image":[{"url":"https:\/\/aclustin.be\/wp-content\/uploads\/2022\/08\/ludo-jpg-225x300.jpg"}],"twitter_card":"summary_large_image","twitter_misc":{"Est. reading time":"1 minute"},"schema":{"@context":"https:\/\/schema.org","@graph":[{"@type":"WebPage","@id":"https:\/\/aclustin.be\/index.php\/u7\/","url":"https:\/\/aclustin.be\/index.php\/u7\/","name":"U10 A -","isPartOf":{"@id":"https:\/\/aclustin.be\/#website"},"datePublished":"2021-09-23T21:19:06+00:00","dateModified":"2026-01-30T14:14:50+00:00","breadcrumb":{"@id":"https:\/\/aclustin.be\/index.php\/u7\/#breadcrumb"},"inLanguage":"en-US","potentialAction":[{"@type":"ReadAction","target":["https:\/\/aclustin.be\/index.php\/u7\/"]}]},{"@type":"BreadcrumbList","@id":"https:\/\/aclustin.be\/index.php\/u7\/#breadcrumb","itemListElement":[{"@type":"ListItem","position":1,"name":"Home","item":"https:\/\/aclustin.be\/"},{"@type":"ListItem","position":2,"name":"U10 A"}]},{"@type":"WebSite","@id":"https:\/\/aclustin.be\/#website","url":"https:\/\/aclustin.be\/","name":"AC Lustin","description":"","publisher":{"@id":"https:\/\/aclustin.be\/#organization"},"potentialAction":[{"@type":"SearchAction","target":{"@type":"EntryPoint","urlTemplate":"https:\/\/aclustin.be\/?s={search_term_string}"},"query-input":"required name=search_term_string"}],"inLanguage":"en-US"},{"@type":"Organization","@id":"https:\/\/aclustin.be\/#organization","name":"AC Lustin","url":"https:\/\/aclustin.be\/","logo":{"@type":"ImageObject","inLanguage":"en-US","@id":"https:\/\/aclustin.be\/#\/schema\/logo\/image\/","url":"https:\/\/aclustin.be\/wp-content\/uploads\/2021\/02\/06027.jpg","contentUrl":"https:\/\/aclustin.be\/wp-content\/uploads\/2021\/02\/06027.jpg","width":200,"height":160,"caption":"AC Lustin"},"image":{"@id":"https:\/\/aclustin.be\/#\/schema\/logo\/image\/"},"sameAs":["https:\/\/www.facebook.com\/groups\/392533567482660"]}]}},"_links":{"self":[{"href":"https:\/\/aclustin.be\/index.php\/wp-json\/wp\/v2\/pages\/3825"}],"collection":[{"href":"https:\/\/aclustin.be\/index.php\/wp-json\/wp\/v2\/pages"}],"about":[{"href":"https:\/\/aclustin.be\/index.php\/wp-json\/wp\/v2\/types\/page"}],"author":[{"embeddable":true,"href":"https:\/\/aclustin.be\/index.php\/wp-json\/wp\/v2\/users\/4"}],"replies":[{"embeddable":true,"href":"https:\/\/aclustin.be\/index.php\/wp-json\/wp\/v2\/comments?post=3825"}],"version-history":[{"count":108,"href":"https:\/\/aclustin.be\/index.php\/wp-json\/wp\/v2\/pages\/3825\/revisions"}],"predecessor-version":[{"id":7472,"href":"https:\/\/aclustin.be\/index.php\/wp-json\/wp\/v2\/pages\/3825\/revisions\/7472"}],"wp:attachment":[{"href":"https:\/\/aclustin.be\/index.php\/wp-json\/wp\/v2\/media?parent=3825"}],"curies":[{"name":"wp","href":"https:\/\/api.w.org\/{rel}","templated":true}]}}