{"id":5383,"date":"2023-07-28T16:50:58","date_gmt":"2023-07-28T15:50:58","guid":{"rendered":"http:\/\/34.34.176.45:31766\/?page_id=5383"},"modified":"2025-09-10T08:34:26","modified_gmt":"2025-09-10T07:34:26","slug":"u8-b","status":"publish","type":"page","link":"https:\/\/aclustin.be\/index.php\/u8-b\/","title":{"rendered":"U10 B"},"content":{"rendered":"\t\t<div data-elementor-type=\"wp-page\" data-elementor-id=\"5383\" class=\"elementor elementor-5383\">\n\t\t\t\t\t\t\t\t\t<section class=\"elementor-section elementor-top-section elementor-element elementor-element-0d53d42 elementor-section-boxed elementor-section-height-default elementor-section-height-default\" data-id=\"0d53d42\" data-element_type=\"section\">\n\t\t\t\t\t\t<div class=\"elementor-container elementor-column-gap-default\">\n\t\t\t\t\t<div class=\"elementor-column elementor-col-50 elementor-top-column elementor-element elementor-element-00cb0dc\" data-id=\"00cb0dc\" data-element_type=\"column\">\n\t\t\t<div class=\"elementor-widget-wrap elementor-element-populated\">\n\t\t\t\t\t\t\t\t<div class=\"elementor-element elementor-element-b417a17 elementor-widget elementor-widget-image\" data-id=\"b417a17\" data-element_type=\"widget\" data-widget_type=\"image.default\">\n\t\t\t\t<div class=\"elementor-widget-container\">\n\t\t\t\t\t\t\t\t\t\t\t\t\t\t\t<img decoding=\"async\" src=\"https:\/\/aclustin.be\/wp-content\/uploads\/2021\/09\/IMG_20210923_1846561-scaled.jpg\" title=\"\" alt=\"\" loading=\"lazy\" \/>\t\t\t\t\t\t\t\t\t\t\t\t\t\t\t<\/div>\n\t\t\t\t<\/div>\n\t\t\t\t\t<\/div>\n\t\t<\/div>\n\t\t\t\t<div class=\"elementor-column elementor-col-50 elementor-top-column elementor-element elementor-element-c48562e\" data-id=\"c48562e\" data-element_type=\"column\">\n\t\t\t<div class=\"elementor-widget-wrap elementor-element-populated\">\n\t\t\t\t\t\t\t\t<div class=\"elementor-element elementor-element-d9d52f6 elementor-widget elementor-widget-text-editor\" data-id=\"d9d52f6\" data-element_type=\"widget\" data-widget_type=\"text-editor.default\">\n\t\t\t\t<div class=\"elementor-widget-container\">\n\t\t\t\t\t\t\t<h6 class=\"font_2\"><strong>M\u00e9lanie Henrot<\/strong><\/h6><h6 class=\"font_2\"><strong>Entra\u00eeneur T1<\/strong><br \/>GSM: 0494 174515<br \/>Mail: <span lang=\"FR\">\u00a0<span style=\"color: #339966;\">henrot.melanie@gmail.com<\/span><\/span><\/h6>\t\t\t\t\t\t<\/div>\n\t\t\t\t<\/div>\n\t\t\t\t\t<\/div>\n\t\t<\/div>\n\t\t\t\t\t\t\t<\/div>\n\t\t<\/section>\n\t\t\t\t<section class=\"elementor-section elementor-top-section elementor-element elementor-element-333f26a elementor-section-boxed elementor-section-height-default elementor-section-height-default\" data-id=\"333f26a\" data-element_type=\"section\">\n\t\t\t\t\t\t<div class=\"elementor-container elementor-column-gap-default\">\n\t\t\t\t\t<div class=\"elementor-column elementor-col-50 elementor-top-column elementor-element elementor-element-f98bc0e\" data-id=\"f98bc0e\" data-element_type=\"column\">\n\t\t\t<div class=\"elementor-widget-wrap elementor-element-populated\">\n\t\t\t\t\t\t\t\t<div class=\"elementor-element elementor-element-f6271a0 elementor-widget elementor-widget-image\" data-id=\"f6271a0\" data-element_type=\"widget\" data-widget_type=\"image.default\">\n\t\t\t\t<div class=\"elementor-widget-container\">\n\t\t\t\t\t\t\t\t\t\t\t\t\t\t\t<img decoding=\"async\" src=\"https:\/\/aclustin.be\/wp-content\/uploads\/2022\/04\/Capture-decran-2022-04-23-155251.png\" title=\"\" alt=\"\" loading=\"lazy\" \/>\t\t\t\t\t\t\t\t\t\t\t\t\t\t\t<\/div>\n\t\t\t\t<\/div>\n\t\t\t\t\t<\/div>\n\t\t<\/div>\n\t\t\t\t<div class=\"elementor-column elementor-col-50 elementor-top-column elementor-element elementor-element-756728e\" data-id=\"756728e\" data-element_type=\"column\">\n\t\t\t<div class=\"elementor-widget-wrap elementor-element-populated\">\n\t\t\t\t\t\t\t\t<div class=\"elementor-element elementor-element-8a947aa elementor-widget elementor-widget-text-editor\" data-id=\"8a947aa\" data-element_type=\"widget\" data-widget_type=\"text-editor.default\">\n\t\t\t\t<div class=\"elementor-widget-container\">\n\t\t\t\t\t\t\t<h6 class=\"font_2\"><strong>Magali Vancappelen\u00a0<\/strong><\/h6><h6 class=\"font_2\"><strong>D\u00e9l\u00e9gu\u00e9e\u00a0<\/strong><br \/>GSM: 0496 461709<br \/>Mail: <span lang=\"FR\">\u00a0<\/span><a href=\"mailto:pierre.ernoux@hotmail.com\" target=\"_blank\" rel=\"noopener\"><span lang=\"FR\">magvancap@hotmail.com<\/span><\/a><\/h6>\t\t\t\t\t\t<\/div>\n\t\t\t\t<\/div>\n\t\t\t\t\t<\/div>\n\t\t<\/div>\n\t\t\t\t\t\t\t<\/div>\n\t\t<\/section>\n\t\t\t\t<section class=\"elementor-section elementor-top-section elementor-element elementor-element-59c5484 elementor-section-boxed elementor-section-height-default elementor-section-height-default\" data-id=\"59c5484\" data-element_type=\"section\">\n\t\t\t\t\t\t<div class=\"elementor-container elementor-column-gap-default\">\n\t\t\t\t\t<div class=\"elementor-column elementor-col-100 elementor-top-column elementor-element elementor-element-0246b8e\" data-id=\"0246b8e\" data-element_type=\"column\">\n\t\t\t<div class=\"elementor-widget-wrap elementor-element-populated\">\n\t\t\t\t\t\t\t\t<div class=\"elementor-element elementor-element-114a801 elementor-widget elementor-widget-image\" data-id=\"114a801\" data-element_type=\"widget\" data-widget_type=\"image.default\">\n\t\t\t\t<div class=\"elementor-widget-container\">\n\t\t\t\t\t\t\t\t\t\t\t\t\t\t\t<img loading=\"lazy\" decoding=\"async\" width=\"1024\" height=\"768\" src=\"https:\/\/aclustin.be\/wp-content\/uploads\/2025\/09\/2a5260c7-017d-4c4d-a6ec-00d6d74a0452-1024x768.jpg\" class=\"attachment-large size-large wp-image-7257\" alt=\"\" srcset=\"https:\/\/aclustin.be\/wp-content\/uploads\/2025\/09\/2a5260c7-017d-4c4d-a6ec-00d6d74a0452-1024x768.jpg 1024w, https:\/\/aclustin.be\/wp-content\/uploads\/2025\/09\/2a5260c7-017d-4c4d-a6ec-00d6d74a0452-300x225.jpg 300w, https:\/\/aclustin.be\/wp-content\/uploads\/2025\/09\/2a5260c7-017d-4c4d-a6ec-00d6d74a0452-768x576.jpg 768w, https:\/\/aclustin.be\/wp-content\/uploads\/2025\/09\/2a5260c7-017d-4c4d-a6ec-00d6d74a0452-1536x1152.jpg 1536w, https:\/\/aclustin.be\/wp-content\/uploads\/2025\/09\/2a5260c7-017d-4c4d-a6ec-00d6d74a0452.jpg 2048w\" sizes=\"(max-width: 1024px) 100vw, 1024px\" \/>\t\t\t\t\t\t\t\t\t\t\t\t\t\t\t<\/div>\n\t\t\t\t<\/div>\n\t\t\t\t\t<\/div>\n\t\t<\/div>\n\t\t\t\t\t\t\t<\/div>\n\t\t<\/section>\n\t\t\t\t<section class=\"elementor-section elementor-top-section elementor-element elementor-element-90d2039 elementor-section-boxed elementor-section-height-default elementor-section-height-default\" data-id=\"90d2039\" data-element_type=\"section\">\n\t\t\t\t\t\t<div class=\"elementor-container elementor-column-gap-default\">\n\t\t\t\t\t<div class=\"elementor-column elementor-col-100 elementor-top-column elementor-element elementor-element-a703280\" data-id=\"a703280\" data-element_type=\"column\">\n\t\t\t<div class=\"elementor-widget-wrap elementor-element-populated\">\n\t\t\t\t\t\t\t\t<div class=\"elementor-element elementor-element-8b0148a elementor-widget elementor-widget-image\" data-id=\"8b0148a\" data-element_type=\"widget\" data-widget_type=\"image.default\">\n\t\t\t\t<div class=\"elementor-widget-container\">\n\t\t\t\t\t\t\t\t\t\t\t\t\t\t\t<img decoding=\"async\" src=\"https:\/\/aclustin.be\/wp-content\/uploads\/2021\/07\/calendrier-logo.png\" title=\"\" alt=\"\" loading=\"lazy\" \/>\t\t\t\t\t\t\t\t\t\t\t\t\t\t\t<\/div>\n\t\t\t\t<\/div>\n\t\t\t\t\t<\/div>\n\t\t<\/div>\n\t\t\t\t\t\t\t<\/div>\n\t\t<\/section>\n\t\t\t\t\t\t\t<\/div>\n\t\t","protected":false},"excerpt":{"rendered":"<p>M\u00e9lanie Henrot Entra\u00eeneur T1GSM: 0494 174515Mail: \u00a0henrot.melanie@gmail.com Magali Vancappelen\u00a0 D\u00e9l\u00e9gu\u00e9e\u00a0GSM: 0496 461709Mail: \u00a0magvancap@hotmail.com<\/p>\n","protected":false},"author":4,"featured_media":0,"parent":0,"menu_order":0,"comment_status":"closed","ping_status":"closed","template":"","meta":{"footnotes":""},"yoast_head":"<!-- This site is optimized with the Yoast SEO plugin v20.12 - https:\/\/yoast.com\/wordpress\/plugins\/seo\/ -->\n<title>U10 B -<\/title>\n<meta name=\"robots\" content=\"index, follow, max-snippet:-1, max-image-preview:large, max-video-preview:-1\" \/>\n<link rel=\"canonical\" href=\"https:\/\/aclustin.be\/index.php\/u8-b\/\" \/>\n<meta property=\"og:locale\" content=\"en_US\" \/>\n<meta property=\"og:type\" content=\"article\" \/>\n<meta property=\"og:title\" content=\"U10 B -\" \/>\n<meta property=\"og:description\" content=\"M\u00e9lanie Henrot Entra\u00eeneur T1GSM: 0494 174515Mail: \u00a0henrot.melanie@gmail.com Magali Vancappelen\u00a0 D\u00e9l\u00e9gu\u00e9e\u00a0GSM: 0496 461709Mail: \u00a0magvancap@hotmail.com\" \/>\n<meta property=\"og:url\" content=\"https:\/\/aclustin.be\/index.php\/u8-b\/\" \/>\n<meta property=\"article:publisher\" content=\"https:\/\/www.facebook.com\/groups\/392533567482660\" \/>\n<meta property=\"article:modified_time\" content=\"2025-09-10T07:34:26+00:00\" \/>\n<meta property=\"og:image\" content=\"https:\/\/aclustin.be\/wp-content\/uploads\/2021\/09\/IMG_20210923_1846561-150x150.jpg\" \/>\n<meta name=\"twitter:card\" content=\"summary_large_image\" \/>\n<meta name=\"twitter:label1\" content=\"Est. reading time\" \/>\n\t<meta name=\"twitter:data1\" content=\"1 minute\" \/>\n<script type=\"application\/ld+json\" class=\"yoast-schema-graph\">{\"@context\":\"https:\/\/schema.org\",\"@graph\":[{\"@type\":\"WebPage\",\"@id\":\"https:\/\/aclustin.be\/index.php\/u8-b\/\",\"url\":\"https:\/\/aclustin.be\/index.php\/u8-b\/\",\"name\":\"U10 B -\",\"isPartOf\":{\"@id\":\"https:\/\/aclustin.be\/#website\"},\"datePublished\":\"2023-07-28T15:50:58+00:00\",\"dateModified\":\"2025-09-10T07:34:26+00:00\",\"breadcrumb\":{\"@id\":\"https:\/\/aclustin.be\/index.php\/u8-b\/#breadcrumb\"},\"inLanguage\":\"en-US\",\"potentialAction\":[{\"@type\":\"ReadAction\",\"target\":[\"https:\/\/aclustin.be\/index.php\/u8-b\/\"]}]},{\"@type\":\"BreadcrumbList\",\"@id\":\"https:\/\/aclustin.be\/index.php\/u8-b\/#breadcrumb\",\"itemListElement\":[{\"@type\":\"ListItem\",\"position\":1,\"name\":\"Home\",\"item\":\"https:\/\/aclustin.be\/\"},{\"@type\":\"ListItem\",\"position\":2,\"name\":\"U10 B\"}]},{\"@type\":\"WebSite\",\"@id\":\"https:\/\/aclustin.be\/#website\",\"url\":\"https:\/\/aclustin.be\/\",\"name\":\"AC Lustin\",\"description\":\"\",\"publisher\":{\"@id\":\"https:\/\/aclustin.be\/#organization\"},\"potentialAction\":[{\"@type\":\"SearchAction\",\"target\":{\"@type\":\"EntryPoint\",\"urlTemplate\":\"https:\/\/aclustin.be\/?s={search_term_string}\"},\"query-input\":\"required name=search_term_string\"}],\"inLanguage\":\"en-US\"},{\"@type\":\"Organization\",\"@id\":\"https:\/\/aclustin.be\/#organization\",\"name\":\"AC Lustin\",\"url\":\"https:\/\/aclustin.be\/\",\"logo\":{\"@type\":\"ImageObject\",\"inLanguage\":\"en-US\",\"@id\":\"https:\/\/aclustin.be\/#\/schema\/logo\/image\/\",\"url\":\"https:\/\/aclustin.be\/wp-content\/uploads\/2021\/02\/06027.jpg\",\"contentUrl\":\"https:\/\/aclustin.be\/wp-content\/uploads\/2021\/02\/06027.jpg\",\"width\":200,\"height\":160,\"caption\":\"AC Lustin\"},\"image\":{\"@id\":\"https:\/\/aclustin.be\/#\/schema\/logo\/image\/\"},\"sameAs\":[\"https:\/\/www.facebook.com\/groups\/392533567482660\"]}]}<\/script>\n<!-- \/ Yoast SEO plugin. -->","yoast_head_json":{"title":"U10 B -","robots":{"index":"index","follow":"follow","max-snippet":"max-snippet:-1","max-image-preview":"max-image-preview:large","max-video-preview":"max-video-preview:-1"},"canonical":"https:\/\/aclustin.be\/index.php\/u8-b\/","og_locale":"en_US","og_type":"article","og_title":"U10 B -","og_description":"M\u00e9lanie Henrot Entra\u00eeneur T1GSM: 0494 174515Mail: \u00a0henrot.melanie@gmail.com Magali Vancappelen\u00a0 D\u00e9l\u00e9gu\u00e9e\u00a0GSM: 0496 461709Mail: \u00a0magvancap@hotmail.com","og_url":"https:\/\/aclustin.be\/index.php\/u8-b\/","article_publisher":"https:\/\/www.facebook.com\/groups\/392533567482660","article_modified_time":"2025-09-10T07:34:26+00:00","og_image":[{"url":"https:\/\/aclustin.be\/wp-content\/uploads\/2021\/09\/IMG_20210923_1846561-150x150.jpg"}],"twitter_card":"summary_large_image","twitter_misc":{"Est. reading time":"1 minute"},"schema":{"@context":"https:\/\/schema.org","@graph":[{"@type":"WebPage","@id":"https:\/\/aclustin.be\/index.php\/u8-b\/","url":"https:\/\/aclustin.be\/index.php\/u8-b\/","name":"U10 B -","isPartOf":{"@id":"https:\/\/aclustin.be\/#website"},"datePublished":"2023-07-28T15:50:58+00:00","dateModified":"2025-09-10T07:34:26+00:00","breadcrumb":{"@id":"https:\/\/aclustin.be\/index.php\/u8-b\/#breadcrumb"},"inLanguage":"en-US","potentialAction":[{"@type":"ReadAction","target":["https:\/\/aclustin.be\/index.php\/u8-b\/"]}]},{"@type":"BreadcrumbList","@id":"https:\/\/aclustin.be\/index.php\/u8-b\/#breadcrumb","itemListElement":[{"@type":"ListItem","position":1,"name":"Home","item":"https:\/\/aclustin.be\/"},{"@type":"ListItem","position":2,"name":"U10 B"}]},{"@type":"WebSite","@id":"https:\/\/aclustin.be\/#website","url":"https:\/\/aclustin.be\/","name":"AC Lustin","description":"","publisher":{"@id":"https:\/\/aclustin.be\/#organization"},"potentialAction":[{"@type":"SearchAction","target":{"@type":"EntryPoint","urlTemplate":"https:\/\/aclustin.be\/?s={search_term_string}"},"query-input":"required name=search_term_string"}],"inLanguage":"en-US"},{"@type":"Organization","@id":"https:\/\/aclustin.be\/#organization","name":"AC Lustin","url":"https:\/\/aclustin.be\/","logo":{"@type":"ImageObject","inLanguage":"en-US","@id":"https:\/\/aclustin.be\/#\/schema\/logo\/image\/","url":"https:\/\/aclustin.be\/wp-content\/uploads\/2021\/02\/06027.jpg","contentUrl":"https:\/\/aclustin.be\/wp-content\/uploads\/2021\/02\/06027.jpg","width":200,"height":160,"caption":"AC Lustin"},"image":{"@id":"https:\/\/aclustin.be\/#\/schema\/logo\/image\/"},"sameAs":["https:\/\/www.facebook.com\/groups\/392533567482660"]}]}},"_links":{"self":[{"href":"https:\/\/aclustin.be\/index.php\/wp-json\/wp\/v2\/pages\/5383"}],"collection":[{"href":"https:\/\/aclustin.be\/index.php\/wp-json\/wp\/v2\/pages"}],"about":[{"href":"https:\/\/aclustin.be\/index.php\/wp-json\/wp\/v2\/types\/page"}],"author":[{"embeddable":true,"href":"https:\/\/aclustin.be\/index.php\/wp-json\/wp\/v2\/users\/4"}],"replies":[{"embeddable":true,"href":"https:\/\/aclustin.be\/index.php\/wp-json\/wp\/v2\/comments?post=5383"}],"version-history":[{"count":50,"href":"https:\/\/aclustin.be\/index.php\/wp-json\/wp\/v2\/pages\/5383\/revisions"}],"predecessor-version":[{"id":7260,"href":"https:\/\/aclustin.be\/index.php\/wp-json\/wp\/v2\/pages\/5383\/revisions\/7260"}],"wp:attachment":[{"href":"https:\/\/aclustin.be\/index.php\/wp-json\/wp\/v2\/media?parent=5383"}],"curies":[{"name":"wp","href":"https:\/\/api.w.org\/{rel}","templated":true}]}}