{"id":6230,"date":"2024-06-28T16:15:26","date_gmt":"2024-06-28T15:15:26","guid":{"rendered":"https:\/\/aclustin.be\/?page_id=6230"},"modified":"2025-09-10T08:31:34","modified_gmt":"2025-09-10T07:31:34","slug":"u7-3","status":"publish","type":"page","link":"https:\/\/aclustin.be\/index.php\/u7-3\/","title":{"rendered":"U8"},"content":{"rendered":"\t\t<div data-elementor-type=\"wp-page\" data-elementor-id=\"6230\" class=\"elementor elementor-6230\">\n\t\t\t\t\t\t\t\t\t<section class=\"elementor-section elementor-top-section elementor-element elementor-element-514df2c elementor-section-boxed elementor-section-height-default elementor-section-height-default\" data-id=\"514df2c\" data-element_type=\"section\">\n\t\t\t\t\t\t<div class=\"elementor-container elementor-column-gap-default\">\n\t\t\t\t\t<div class=\"elementor-column elementor-col-50 elementor-top-column elementor-element elementor-element-2b7b852\" data-id=\"2b7b852\" data-element_type=\"column\">\n\t\t\t<div class=\"elementor-widget-wrap elementor-element-populated\">\n\t\t\t\t\t\t\t\t<div class=\"elementor-element elementor-element-c0cad17 elementor-widget elementor-widget-image\" data-id=\"c0cad17\" data-element_type=\"widget\" data-widget_type=\"image.default\">\n\t\t\t\t<div class=\"elementor-widget-container\">\n\t\t\t\t\t\t\t\t\t\t\t\t\t\t\t<img loading=\"lazy\" decoding=\"async\" width=\"185\" height=\"272\" src=\"https:\/\/aclustin.be\/wp-content\/uploads\/2024\/09\/image_2024-09-18_234941103.png\" class=\"attachment-medium size-medium wp-image-6467\" alt=\"\" \/>\t\t\t\t\t\t\t\t\t\t\t\t\t\t\t<\/div>\n\t\t\t\t<\/div>\n\t\t\t\t\t<\/div>\n\t\t<\/div>\n\t\t\t\t<div class=\"elementor-column elementor-col-50 elementor-top-column elementor-element elementor-element-5c41cd6\" data-id=\"5c41cd6\" data-element_type=\"column\">\n\t\t\t<div class=\"elementor-widget-wrap elementor-element-populated\">\n\t\t\t\t\t\t\t\t<div class=\"elementor-element elementor-element-d438ce9 elementor-widget elementor-widget-text-editor\" data-id=\"d438ce9\" data-element_type=\"widget\" data-widget_type=\"text-editor.default\">\n\t\t\t\t<div class=\"elementor-widget-container\">\n\t\t\t\t\t\t\t<h6 class=\"font_2\"><strong>Bogdan Dannevoye<\/strong><\/h6><h6 class=\"font_2\"><strong>Entra\u00eeneur T1<\/strong><br \/>GSM: 0479 893699<br \/>Mail :<span style=\"color: #339966;\"> theo-1001@hotmail.com<\/span><\/h6>\t\t\t\t\t\t<\/div>\n\t\t\t\t<\/div>\n\t\t\t\t\t<\/div>\n\t\t<\/div>\n\t\t\t\t\t\t\t<\/div>\n\t\t<\/section>\n\t\t\t\t<section class=\"elementor-section elementor-top-section elementor-element elementor-element-df90550 elementor-section-boxed elementor-section-height-default elementor-section-height-default\" data-id=\"df90550\" data-element_type=\"section\">\n\t\t\t\t\t\t<div class=\"elementor-container elementor-column-gap-default\">\n\t\t\t\t\t<div class=\"elementor-column elementor-col-50 elementor-top-column elementor-element elementor-element-ccc75b1\" data-id=\"ccc75b1\" data-element_type=\"column\">\n\t\t\t<div class=\"elementor-widget-wrap elementor-element-populated\">\n\t\t\t\t\t\t\t\t<div class=\"elementor-element elementor-element-812a647 elementor-widget elementor-widget-image\" data-id=\"812a647\" data-element_type=\"widget\" data-widget_type=\"image.default\">\n\t\t\t\t<div class=\"elementor-widget-container\">\n\t\t\t\t\t\t\t\t\t\t\t\t\t\t\t<img loading=\"lazy\" decoding=\"async\" width=\"150\" height=\"150\" src=\"https:\/\/aclustin.be\/wp-content\/uploads\/2025\/08\/image_2025-08-26_091934419-150x150.png\" class=\"attachment-thumbnail size-thumbnail wp-image-7171\" alt=\"\" \/>\t\t\t\t\t\t\t\t\t\t\t\t\t\t\t<\/div>\n\t\t\t\t<\/div>\n\t\t\t\t\t<\/div>\n\t\t<\/div>\n\t\t\t\t<div class=\"elementor-column elementor-col-50 elementor-top-column elementor-element elementor-element-5e24782\" data-id=\"5e24782\" data-element_type=\"column\">\n\t\t\t<div class=\"elementor-widget-wrap elementor-element-populated\">\n\t\t\t\t\t\t\t\t<div class=\"elementor-element elementor-element-3e946bc elementor-widget elementor-widget-text-editor\" data-id=\"3e946bc\" data-element_type=\"widget\" data-widget_type=\"text-editor.default\">\n\t\t\t\t<div class=\"elementor-widget-container\">\n\t\t\t\t\t\t\t<h6 class=\"font_2\"><strong>Thomas More<\/strong><\/h6><h6 class=\"font_2\"><strong>D\u00e9l\u00e9gu\u00e9<\/strong><br \/>GSM: 0498 274617<br \/>Mail:<span style=\"color: #008000;\"> thomasmore@live.fr<span lang=\"FR\">\u00a0<\/span><\/span><\/h6>\t\t\t\t\t\t<\/div>\n\t\t\t\t<\/div>\n\t\t\t\t\t<\/div>\n\t\t<\/div>\n\t\t\t\t\t\t\t<\/div>\n\t\t<\/section>\n\t\t\t\t<section class=\"elementor-section elementor-top-section elementor-element elementor-element-c4e3658 elementor-section-boxed elementor-section-height-default elementor-section-height-default\" data-id=\"c4e3658\" data-element_type=\"section\">\n\t\t\t\t\t\t<div class=\"elementor-container elementor-column-gap-default\">\n\t\t\t\t\t<div class=\"elementor-column elementor-col-100 elementor-top-column elementor-element elementor-element-72f4914\" data-id=\"72f4914\" data-element_type=\"column\">\n\t\t\t<div class=\"elementor-widget-wrap elementor-element-populated\">\n\t\t\t\t\t\t\t\t<div class=\"elementor-element elementor-element-a6ec977 elementor-widget elementor-widget-image\" data-id=\"a6ec977\" data-element_type=\"widget\" data-widget_type=\"image.default\">\n\t\t\t\t<div class=\"elementor-widget-container\">\n\t\t\t\t\t\t\t\t\t\t\t\t\t\t\t<img loading=\"lazy\" decoding=\"async\" width=\"1024\" height=\"683\" src=\"https:\/\/aclustin.be\/wp-content\/uploads\/2025\/09\/8ed6d8ea-bc2d-4a1d-b27e-d5492c5a69b8-1024x683.jpg\" class=\"attachment-large size-large wp-image-7253\" alt=\"\" srcset=\"https:\/\/aclustin.be\/wp-content\/uploads\/2025\/09\/8ed6d8ea-bc2d-4a1d-b27e-d5492c5a69b8-1024x683.jpg 1024w, https:\/\/aclustin.be\/wp-content\/uploads\/2025\/09\/8ed6d8ea-bc2d-4a1d-b27e-d5492c5a69b8-300x200.jpg 300w, https:\/\/aclustin.be\/wp-content\/uploads\/2025\/09\/8ed6d8ea-bc2d-4a1d-b27e-d5492c5a69b8-768x512.jpg 768w, https:\/\/aclustin.be\/wp-content\/uploads\/2025\/09\/8ed6d8ea-bc2d-4a1d-b27e-d5492c5a69b8-1536x1024.jpg 1536w, https:\/\/aclustin.be\/wp-content\/uploads\/2025\/09\/8ed6d8ea-bc2d-4a1d-b27e-d5492c5a69b8.jpg 2048w\" sizes=\"(max-width: 1024px) 100vw, 1024px\" \/>\t\t\t\t\t\t\t\t\t\t\t\t\t\t\t<\/div>\n\t\t\t\t<\/div>\n\t\t\t\t\t<\/div>\n\t\t<\/div>\n\t\t\t\t\t\t\t<\/div>\n\t\t<\/section>\n\t\t\t\t<section class=\"elementor-section elementor-top-section elementor-element elementor-element-4be28ae elementor-section-boxed elementor-section-height-default elementor-section-height-default\" data-id=\"4be28ae\" data-element_type=\"section\">\n\t\t\t\t\t\t<div class=\"elementor-container elementor-column-gap-default\">\n\t\t\t\t\t<div class=\"elementor-column elementor-col-100 elementor-top-column elementor-element elementor-element-1420291\" data-id=\"1420291\" data-element_type=\"column\">\n\t\t\t<div class=\"elementor-widget-wrap elementor-element-populated\">\n\t\t\t\t\t\t\t\t<div class=\"elementor-element elementor-element-c0275b5 elementor-widget elementor-widget-image\" data-id=\"c0275b5\" data-element_type=\"widget\" data-widget_type=\"image.default\">\n\t\t\t\t<div class=\"elementor-widget-container\">\n\t\t\t\t\t\t\t\t\t\t\t\t\t\t\t\t<a href=\"https:\/\/www.acff.be\/club\/2087\/equipe\/345804\/calendrier\" target=\"_blank\">\n\t\t\t\t\t\t\t<img decoding=\"async\" src=\"https:\/\/aclustin.be\/wp-content\/uploads\/2021\/07\/calendrier-logo.png\" title=\"\" alt=\"\" loading=\"lazy\" \/>\t\t\t\t\t\t\t\t<\/a>\n\t\t\t\t\t\t\t\t\t\t\t\t\t\t\t<\/div>\n\t\t\t\t<\/div>\n\t\t\t\t\t<\/div>\n\t\t<\/div>\n\t\t\t\t\t\t\t<\/div>\n\t\t<\/section>\n\t\t\t\t\t\t\t<\/div>\n\t\t","protected":false},"excerpt":{"rendered":"<p>Bogdan Dannevoye Entra\u00eeneur T1GSM: 0479 893699Mail : theo-1001@hotmail.com Thomas More D\u00e9l\u00e9gu\u00e9GSM: 0498 274617Mail: thomasmore@live.fr\u00a0<\/p>\n","protected":false},"author":4,"featured_media":0,"parent":0,"menu_order":0,"comment_status":"closed","ping_status":"closed","template":"","meta":{"footnotes":""},"yoast_head":"<!-- This site is optimized with the Yoast SEO plugin v20.12 - https:\/\/yoast.com\/wordpress\/plugins\/seo\/ -->\n<title>U8 -<\/title>\n<meta name=\"robots\" content=\"index, follow, max-snippet:-1, max-image-preview:large, max-video-preview:-1\" \/>\n<link rel=\"canonical\" href=\"https:\/\/aclustin.be\/index.php\/u7-3\/\" \/>\n<meta property=\"og:locale\" content=\"en_US\" \/>\n<meta property=\"og:type\" content=\"article\" \/>\n<meta property=\"og:title\" content=\"U8 -\" \/>\n<meta property=\"og:description\" content=\"Bogdan Dannevoye Entra\u00eeneur T1GSM: 0479 893699Mail : theo-1001@hotmail.com Thomas More D\u00e9l\u00e9gu\u00e9GSM: 0498 274617Mail: thomasmore@live.fr\u00a0\" \/>\n<meta property=\"og:url\" content=\"https:\/\/aclustin.be\/index.php\/u7-3\/\" \/>\n<meta property=\"article:publisher\" content=\"https:\/\/www.facebook.com\/groups\/392533567482660\" \/>\n<meta property=\"article:modified_time\" content=\"2025-09-10T07:31:34+00:00\" \/>\n<meta property=\"og:image\" content=\"https:\/\/aclustin.be\/wp-content\/uploads\/2024\/09\/image_2024-09-18_234941103.png\" \/>\n<meta name=\"twitter:card\" content=\"summary_large_image\" \/>\n<meta name=\"twitter:label1\" content=\"Est. reading time\" \/>\n\t<meta name=\"twitter:data1\" content=\"1 minute\" \/>\n<script type=\"application\/ld+json\" class=\"yoast-schema-graph\">{\"@context\":\"https:\/\/schema.org\",\"@graph\":[{\"@type\":\"WebPage\",\"@id\":\"https:\/\/aclustin.be\/index.php\/u7-3\/\",\"url\":\"https:\/\/aclustin.be\/index.php\/u7-3\/\",\"name\":\"U8 -\",\"isPartOf\":{\"@id\":\"https:\/\/aclustin.be\/#website\"},\"datePublished\":\"2024-06-28T15:15:26+00:00\",\"dateModified\":\"2025-09-10T07:31:34+00:00\",\"breadcrumb\":{\"@id\":\"https:\/\/aclustin.be\/index.php\/u7-3\/#breadcrumb\"},\"inLanguage\":\"en-US\",\"potentialAction\":[{\"@type\":\"ReadAction\",\"target\":[\"https:\/\/aclustin.be\/index.php\/u7-3\/\"]}]},{\"@type\":\"BreadcrumbList\",\"@id\":\"https:\/\/aclustin.be\/index.php\/u7-3\/#breadcrumb\",\"itemListElement\":[{\"@type\":\"ListItem\",\"position\":1,\"name\":\"Home\",\"item\":\"https:\/\/aclustin.be\/\"},{\"@type\":\"ListItem\",\"position\":2,\"name\":\"U8\"}]},{\"@type\":\"WebSite\",\"@id\":\"https:\/\/aclustin.be\/#website\",\"url\":\"https:\/\/aclustin.be\/\",\"name\":\"AC Lustin\",\"description\":\"\",\"publisher\":{\"@id\":\"https:\/\/aclustin.be\/#organization\"},\"potentialAction\":[{\"@type\":\"SearchAction\",\"target\":{\"@type\":\"EntryPoint\",\"urlTemplate\":\"https:\/\/aclustin.be\/?s={search_term_string}\"},\"query-input\":\"required name=search_term_string\"}],\"inLanguage\":\"en-US\"},{\"@type\":\"Organization\",\"@id\":\"https:\/\/aclustin.be\/#organization\",\"name\":\"AC Lustin\",\"url\":\"https:\/\/aclustin.be\/\",\"logo\":{\"@type\":\"ImageObject\",\"inLanguage\":\"en-US\",\"@id\":\"https:\/\/aclustin.be\/#\/schema\/logo\/image\/\",\"url\":\"https:\/\/aclustin.be\/wp-content\/uploads\/2021\/02\/06027.jpg\",\"contentUrl\":\"https:\/\/aclustin.be\/wp-content\/uploads\/2021\/02\/06027.jpg\",\"width\":200,\"height\":160,\"caption\":\"AC Lustin\"},\"image\":{\"@id\":\"https:\/\/aclustin.be\/#\/schema\/logo\/image\/\"},\"sameAs\":[\"https:\/\/www.facebook.com\/groups\/392533567482660\"]}]}<\/script>\n<!-- \/ Yoast SEO plugin. -->","yoast_head_json":{"title":"U8 -","robots":{"index":"index","follow":"follow","max-snippet":"max-snippet:-1","max-image-preview":"max-image-preview:large","max-video-preview":"max-video-preview:-1"},"canonical":"https:\/\/aclustin.be\/index.php\/u7-3\/","og_locale":"en_US","og_type":"article","og_title":"U8 -","og_description":"Bogdan Dannevoye Entra\u00eeneur T1GSM: 0479 893699Mail : theo-1001@hotmail.com Thomas More D\u00e9l\u00e9gu\u00e9GSM: 0498 274617Mail: thomasmore@live.fr\u00a0","og_url":"https:\/\/aclustin.be\/index.php\/u7-3\/","article_publisher":"https:\/\/www.facebook.com\/groups\/392533567482660","article_modified_time":"2025-09-10T07:31:34+00:00","og_image":[{"url":"https:\/\/aclustin.be\/wp-content\/uploads\/2024\/09\/image_2024-09-18_234941103.png"}],"twitter_card":"summary_large_image","twitter_misc":{"Est. reading time":"1 minute"},"schema":{"@context":"https:\/\/schema.org","@graph":[{"@type":"WebPage","@id":"https:\/\/aclustin.be\/index.php\/u7-3\/","url":"https:\/\/aclustin.be\/index.php\/u7-3\/","name":"U8 -","isPartOf":{"@id":"https:\/\/aclustin.be\/#website"},"datePublished":"2024-06-28T15:15:26+00:00","dateModified":"2025-09-10T07:31:34+00:00","breadcrumb":{"@id":"https:\/\/aclustin.be\/index.php\/u7-3\/#breadcrumb"},"inLanguage":"en-US","potentialAction":[{"@type":"ReadAction","target":["https:\/\/aclustin.be\/index.php\/u7-3\/"]}]},{"@type":"BreadcrumbList","@id":"https:\/\/aclustin.be\/index.php\/u7-3\/#breadcrumb","itemListElement":[{"@type":"ListItem","position":1,"name":"Home","item":"https:\/\/aclustin.be\/"},{"@type":"ListItem","position":2,"name":"U8"}]},{"@type":"WebSite","@id":"https:\/\/aclustin.be\/#website","url":"https:\/\/aclustin.be\/","name":"AC Lustin","description":"","publisher":{"@id":"https:\/\/aclustin.be\/#organization"},"potentialAction":[{"@type":"SearchAction","target":{"@type":"EntryPoint","urlTemplate":"https:\/\/aclustin.be\/?s={search_term_string}"},"query-input":"required name=search_term_string"}],"inLanguage":"en-US"},{"@type":"Organization","@id":"https:\/\/aclustin.be\/#organization","name":"AC Lustin","url":"https:\/\/aclustin.be\/","logo":{"@type":"ImageObject","inLanguage":"en-US","@id":"https:\/\/aclustin.be\/#\/schema\/logo\/image\/","url":"https:\/\/aclustin.be\/wp-content\/uploads\/2021\/02\/06027.jpg","contentUrl":"https:\/\/aclustin.be\/wp-content\/uploads\/2021\/02\/06027.jpg","width":200,"height":160,"caption":"AC Lustin"},"image":{"@id":"https:\/\/aclustin.be\/#\/schema\/logo\/image\/"},"sameAs":["https:\/\/www.facebook.com\/groups\/392533567482660"]}]}},"_links":{"self":[{"href":"https:\/\/aclustin.be\/index.php\/wp-json\/wp\/v2\/pages\/6230"}],"collection":[{"href":"https:\/\/aclustin.be\/index.php\/wp-json\/wp\/v2\/pages"}],"about":[{"href":"https:\/\/aclustin.be\/index.php\/wp-json\/wp\/v2\/types\/page"}],"author":[{"embeddable":true,"href":"https:\/\/aclustin.be\/index.php\/wp-json\/wp\/v2\/users\/4"}],"replies":[{"embeddable":true,"href":"https:\/\/aclustin.be\/index.php\/wp-json\/wp\/v2\/comments?post=6230"}],"version-history":[{"count":65,"href":"https:\/\/aclustin.be\/index.php\/wp-json\/wp\/v2\/pages\/6230\/revisions"}],"predecessor-version":[{"id":7256,"href":"https:\/\/aclustin.be\/index.php\/wp-json\/wp\/v2\/pages\/6230\/revisions\/7256"}],"wp:attachment":[{"href":"https:\/\/aclustin.be\/index.php\/wp-json\/wp\/v2\/media?parent=6230"}],"curies":[{"name":"wp","href":"https:\/\/api.w.org\/{rel}","templated":true}]}}